{"id":612,"date":"2021-03-26T10:04:13","date_gmt":"2021-03-26T10:04:13","guid":{"rendered":"http:\/\/localhost\/nuss\/?page_id=612"},"modified":"2025-09-16T14:02:29","modified_gmt":"2025-09-16T14:02:29","slug":"ristorante","status":"publish","type":"page","link":"https:\/\/yinxitanghotel.com\/it\/ristorante\/","title":{"rendered":"Ristorante"},"content":{"rendered":"<div data-elementor-type=\"wp-page\" data-elementor-id=\"612\" class=\"elementor elementor-612\">\n\t\t\t\t\t\t<section class=\"elementor-section elementor-top-section elementor-element elementor-element-e2effe8 elementor-section-boxed elementor-section-gap-beside-yes elementor-section-height-default elementor-section-height-default elementor-section-column-vertical-align-stretch\" data-id=\"e2effe8\" data-element_type=\"section\" data-e-type=\"section\">\n\t\t\t\t\t\t<div class=\"elementor-container elementor-column-gap-extended\">\n\t\t\t\t\t<div class=\"elementor-column elementor-col-100 elementor-top-column elementor-element elementor-element-e18f688\" data-id=\"e18f688\" data-element_type=\"column\" data-e-type=\"column\">\n\t\t\t<div class=\"elementor-widget-wrap elementor-element-populated\">\n\t\t\t\t\t\t<div class=\"elementor-element elementor-element-6db146d elementor-widget__width-initial elementor-invisible elementor-widget elementor-widget-text-editor\" data-id=\"6db146d\" data-element_type=\"widget\" data-e-type=\"widget\" data-settings=\"{&quot;_animation&quot;:&quot;nussFadeInUp&quot;}\" data-widget_type=\"text-editor.default\">\n\t\t\t\t\t\t\t\t\t<p><strong data-spm-anchor-id=\"a2ty_o01.29997173.0.i130.3ac7c921O44zAQ\">Dove l&#039;anima culinaria di Chengdu incontra la tranquilla ospitalit\u00e0<\/strong><\/p>\t\t\t\t\t\t\t\t<\/div>\n\t\t\t\t\t<\/div>\n\t\t<\/div>\n\t\t\t\t\t<\/div>\n\t\t<\/section>\n\t\t<div class=\"elementor-element elementor-element-f8d2952 e-flex e-con-boxed e-con e-parent\" data-id=\"f8d2952\" data-element_type=\"container\" data-e-type=\"container\">\n\t\t\t\t\t<div class=\"e-con-inner\">\n\t\t\t\t<div class=\"elementor-element elementor-element-f9d9fcc elementor-widget elementor-widget-nuss-image-gallery\" data-id=\"f9d9fcc\" data-element_type=\"widget\" data-e-type=\"widget\" data-widget_type=\"nuss-image-gallery.default\">\n\t\t\t\t<div class=\"elementor-widget-container\">\n\t\t\t\t\t\t\t<div class=\"nuss-grid-wrapper\" data-grid=\"{&quot;type&quot;:&quot;grid&quot;,&quot;ratio&quot;:null,&quot;columns&quot;:3,&quot;gutter&quot;:30}\">\r\n\t\t\t<div class=\"nuss-grid lazy-grid\">\r\n\t\t\t\t<div class=\"grid-sizer\"><\/div>\r\n\r\n\t\t\t\t\t\t\t\t\t\t\t\t<div class=\"grid-item\">\r\n\t\t\t\t\t\t<div class=\"nuss-box\">\t\t<div class=\"nuss-image image\">\r\n\t\t\t<img decoding=\"async\"  src=\"https:\/\/yinxitanghotel.com\/wp-content\/uploads\/2025\/09\/Yinxitang-Hotel-81.webp\" alt=\"Hotel Yinxitang (81)\" \/>\t\t<\/div>\r\n\t\t\t\t<\/div>\t\t\t\t\t<\/div>\r\n\t\t\t\t\t\t<div class=\"grid-item\">\r\n\t\t\t\t\t\t<div class=\"nuss-box\">\t\t<div class=\"nuss-image image\">\r\n\t\t\t<img decoding=\"async\"  src=\"https:\/\/yinxitanghotel.com\/wp-content\/uploads\/2025\/09\/Yinxitang-Hotel-80.webp\" alt=\"Hotel Yinxitang (80)\" \/>\t\t<\/div>\r\n\t\t\t\t<\/div>\t\t\t\t\t<\/div>\r\n\t\t\t\t\t\t<div class=\"grid-item\">\r\n\t\t\t\t\t\t<div class=\"nuss-box\">\t\t<div class=\"nuss-image image\">\r\n\t\t\t<img decoding=\"async\"  src=\"https:\/\/yinxitanghotel.com\/wp-content\/uploads\/2025\/09\/Yinxitang-Hotel-79.webp\" alt=\"Hotel Yinxitang (79)\" \/>\t\t<\/div>\r\n\t\t\t\t<\/div>\t\t\t\t\t<\/div>\r\n\t\t\t\t\t\t<div class=\"grid-item\">\r\n\t\t\t\t\t\t<div class=\"nuss-box\">\t\t<div class=\"nuss-image image\">\r\n\t\t\t<img decoding=\"async\"  src=\"https:\/\/yinxitanghotel.com\/wp-content\/uploads\/2025\/09\/Yinxitang-Hotel-78.webp\" alt=\"Hotel Yinxitang (78)\" \/>\t\t<\/div>\r\n\t\t\t\t<\/div>\t\t\t\t\t<\/div>\r\n\t\t\t\t\t\t<div class=\"grid-item\">\r\n\t\t\t\t\t\t<div class=\"nuss-box\">\t\t<div class=\"nuss-image image\">\r\n\t\t\t<img decoding=\"async\"  src=\"https:\/\/yinxitanghotel.com\/wp-content\/uploads\/2025\/09\/Yinxitang-Hotel-75.webp\" alt=\"Hotel Yinxitang (75)\" \/>\t\t<\/div>\r\n\t\t\t\t<\/div>\t\t\t\t\t<\/div>\r\n\t\t\t\t\t\t<div class=\"grid-item\">\r\n\t\t\t\t\t\t<div class=\"nuss-box\">\t\t<div class=\"nuss-image image\">\r\n\t\t\t<img decoding=\"async\"  src=\"https:\/\/yinxitanghotel.com\/wp-content\/uploads\/2025\/09\/Yinxitang-Hotel-74.webp\" alt=\"Hotel Yinxitang (74)\" \/>\t\t<\/div>\r\n\t\t\t\t<\/div>\t\t\t\t\t<\/div>\r\n\t\t\t\t\t\t<div class=\"grid-item\">\r\n\t\t\t\t\t\t<div class=\"nuss-box\">\t\t<div class=\"nuss-image image\">\r\n\t\t\t<img decoding=\"async\"  src=\"https:\/\/yinxitanghotel.com\/wp-content\/uploads\/2025\/09\/Yinxitang-Hotel-73.webp\" alt=\"Hotel Yinxitang (73)\" \/>\t\t<\/div>\r\n\t\t\t\t<\/div>\t\t\t\t\t<\/div>\r\n\t\t\t\t\t\t<div class=\"grid-item\">\r\n\t\t\t\t\t\t<div class=\"nuss-box\">\t\t<div class=\"nuss-image image\">\r\n\t\t\t<img decoding=\"async\"  src=\"https:\/\/yinxitanghotel.com\/wp-content\/uploads\/2025\/09\/Yinxitang-Hotel-71.webp\" alt=\"Hotel Yinxitang (71)\" \/>\t\t<\/div>\r\n\t\t\t\t<\/div>\t\t\t\t\t<\/div>\r\n\t\t\t\t\t\t<div class=\"grid-item\">\r\n\t\t\t\t\t\t<div class=\"nuss-box\">\t\t<div class=\"nuss-image image\">\r\n\t\t\t<img decoding=\"async\"  src=\"https:\/\/yinxitanghotel.com\/wp-content\/uploads\/2025\/09\/Yinxitang-Hotel-72.webp\" alt=\"Hotel Yinxitang (72)\" \/>\t\t<\/div>\r\n\t\t\t\t<\/div>\t\t\t\t\t<\/div>\r\n\t\t\t\t\t\t<div class=\"grid-item\">\r\n\t\t\t\t\t\t<div class=\"nuss-box\">\t\t<div class=\"nuss-image image\">\r\n\t\t\t<img decoding=\"async\"  src=\"https:\/\/yinxitanghotel.com\/wp-content\/uploads\/2025\/09\/Yinxitang-Hotel-70.webp\" alt=\"Hotel Yinxitang (70)\" \/>\t\t<\/div>\r\n\t\t\t\t<\/div>\t\t\t\t\t<\/div>\r\n\t\t\t\t\t\t<div class=\"grid-item\">\r\n\t\t\t\t\t\t<div class=\"nuss-box\">\t\t<div class=\"nuss-image image\">\r\n\t\t\t<img decoding=\"async\"  src=\"https:\/\/yinxitanghotel.com\/wp-content\/uploads\/2025\/09\/Yinxitang-Hotel-69.webp\" alt=\"Hotel Yinxitang (69)\" \/>\t\t<\/div>\r\n\t\t\t\t<\/div>\t\t\t\t\t<\/div>\r\n\t\t\t\t\t\t\t\r\n\t\t\t<\/div>\r\n\t\t<\/div>\r\n\t\t\t\t\t\t<\/div>\n\t\t\t\t<\/div>\n\t\t\t\t\t<\/div>\n\t\t\t\t<\/div>\n\t\t<div class=\"elementor-element elementor-element-764955e e-flex e-con-boxed e-con e-parent\" data-id=\"764955e\" data-element_type=\"container\" data-e-type=\"container\">\n\t\t\t\t\t<div class=\"e-con-inner\">\n\t\t<div class=\"elementor-element elementor-element-3a71d84 e-con-full e-flex e-con e-child\" data-id=\"3a71d84\" data-element_type=\"container\" data-e-type=\"container\">\n\t\t\t\t<div class=\"elementor-element elementor-element-81a00fb elementor-widget elementor-widget-text-editor\" data-id=\"81a00fb\" data-element_type=\"widget\" data-e-type=\"widget\" data-widget_type=\"text-editor.default\">\n\t\t\t\t\t\t\t\t\t<p data-spm-anchor-id=\"a2ty_o01.29997173.0.i134.3ac7c921O44zAQ\">Nascosto proprio dietro la modesta facciata dello Yinxitang Hotel a <strong>N. 8 Nantai Road, distretto di Wuhou, Chengdu<\/strong>, si trova un&#039;esperienza culinaria che sfida le aspettative, non con grandiosit\u00e0, ma con grazia. Benvenuti a <strong>Caff\u00e8 Yinxitang<\/strong>, il cuore tranquillo del nostro hotel e uno dei santuari culinari pi\u00f9 autentici e nascosti di Chengdu per viaggiatori, studenti, gente del posto e amanti dei sapori autentici.<\/p><div class=\"my-2\">\u00a0<\/div><p data-spm-anchor-id=\"a2ty_o01.29997173.0.i131.3ac7c921O44zAQ\">Questo non \u00e8 un ristorante che urla. Non ha insegne al neon o trucchetti da Instagram. Piuttosto, sussurra: attraverso il vapore che sale da una pentola di terracotta con pancetta di maiale brasata lentamente, attraverso il dolce tintinnio delle tazze da t\u00e8 di porcellana, attraverso il mormorio di una nonna locale che mescola la ricetta segreta di famiglia del Mapo Tofu nella cucina a vista. Qui, il cibo non viene servito, \u00e8... <em>offerto<\/em>, come un invito al mondo intimo della cucina casalinga del Sichuan, affinata dal tempo, dalla memoria e dall&#039;amore.<\/p>\t\t\t\t\t\t\t\t<\/div>\n\t\t\t\t<\/div>\n\t\t<div class=\"elementor-element elementor-element-bb76a06 e-con-full e-flex e-con e-child\" data-id=\"bb76a06\" data-element_type=\"container\" data-e-type=\"container\">\n\t\t\t\t<div class=\"elementor-element elementor-element-636ac5f elementor-widget elementor-widget-image\" data-id=\"636ac5f\" data-element_type=\"widget\" data-e-type=\"widget\" data-widget_type=\"image.default\">\n\t\t\t\t\t\t\t\t\t\t\t\t\t\t\t<img fetchpriority=\"high\" decoding=\"async\" width=\"568\" height=\"853\" src=\"https:\/\/yinxitanghotel.com\/wp-content\/uploads\/2025\/09\/Yinxitang-Hotel-66.webp\" class=\"attachment-large size-large wp-image-6093\" alt=\"\" srcset=\"https:\/\/yinxitanghotel.com\/wp-content\/uploads\/2025\/09\/Yinxitang-Hotel-66.webp 568w, https:\/\/yinxitanghotel.com\/wp-content\/uploads\/2025\/09\/Yinxitang-Hotel-66-200x300.webp 200w, https:\/\/yinxitanghotel.com\/wp-content\/uploads\/2025\/09\/Yinxitang-Hotel-66-8x12.webp 8w\" sizes=\"(max-width: 568px) 100vw, 568px\" \/>\t\t\t\t\t\t\t\t\t\t\t\t\t\t\t<\/div>\n\t\t\t\t<\/div>\n\t\t\t\t\t<\/div>\n\t\t\t\t<\/div>\n\t\t<div class=\"elementor-element elementor-element-d05381b e-flex e-con-boxed e-con e-parent\" data-id=\"d05381b\" data-element_type=\"container\" data-e-type=\"container\">\n\t\t\t\t\t<div class=\"e-con-inner\">\n\t\t\t\t<div class=\"elementor-element elementor-element-53bd849 elementor-widget elementor-widget-text-editor\" data-id=\"53bd849\" data-element_type=\"widget\" data-e-type=\"widget\" data-widget_type=\"text-editor.default\">\n\t\t\t\t\t\t\t\t\t<p data-spm-anchor-id=\"a2ty_o01.29997173.0.i133.3ac7c921O44zAQ\">Nato dalla stessa filosofia che definisce lo Yinxitang Hotel:<em>autenticit\u00e0 rispetto allo spettacolo<\/em>\u2014il nostro bar \u00e8 stato progettato come un&#039;estensione vivente dell&#039;anima di Chengdu. Il nostro chef, <strong>La signora Zhao Lihua<\/strong>, cuoca di terza generazione proveniente dalla periferia di Pengzhou, ha lasciato i vivaci ristoranti di Chunxi Road per tornare alle sue radici. Ha portato con s\u00e9 un mestolo di legno tramandatole dalla madre, un quaderno pieno di appunti scritti a mano sulle proporzioni dell&#039;olio al peperoncino perfezionate in 40 anni e un voto: <em>&quot;Ti servir\u00f2 del cibo che ti far\u00e0 sentire come se fossi seduto alla tavola di tua nonna, anche se non ne hai mai mangiato uno.&quot;<\/em><\/p><p>Il menu \u00e8 volutamente piccolo. Deliberatamente onesto. Niente sciocchezze fusion. Niente toast all&#039;avocado importato. Solo <strong>Sichuan, fatto bene<\/strong>.<\/p><p>Inizia la tua giornata con il nostro <strong data-spm-anchor-id=\"a2ty_o01.29997173.0.i135.3ac7c921O44zAQ\">Set per la colazione Dawn<\/strong>: in umido <em>baozi<\/em> panini ripieni di saporito maiale macinato ed erba cipollina, congee bollente cotto a fuoco lento con uova centenarie e zenzero e una tazza di acqua raccolta localmente <strong>T\u00e8 al gelsomino e ago d&#039;argento<\/strong>\u2014servita in ceramiche fatte a mano da Ya&#039;an. Molti ospiti affermano che sia la migliore colazione che abbiano mai fatto in Cina.<\/p><p>A pranzo prova il nostro <strong>Noodles Dan Dan fatti in casa<\/strong>, fatto con pasta di sesamo macinata in casa, fagioli neri fermentati e olio di peperoncino infuso con grani di pepe di Sichuan di Mianyang, il tipo che pizzica, poi lenisce, come un caldo abbraccio. Oppure assapora il nostro <strong>Pancetta di maiale brasata con senape sottaceto<\/strong>, cotto per cinque ore finch\u00e9 il grasso non si scioglie come seta e la carne si sfalda al semplice suono di una bacchetta.<\/p><p>Per cena, proponiamo specialit\u00e0 stagionali provenienti dai mercati di Wuhou: stufato di funghi selvatici in autunno, noodles freddi con salsa all&#039;aglio e peperoncino in estate e testa di pesce al vapore con ravanelli sottaceto durante la stagione delle piogge: un piatto cos\u00ec profondamente regionale che persino molti abitanti del posto non lo conoscono.<\/p><p>Anche le nostre bevande sono pensate con cura. Oltre al t\u00e8, prepariamo il nostro <strong>infusi di erbe<\/strong>: &quot;Chengdu Calm&quot; (crisantemo + bacche di goji + liquirizia), &quot;Mountain Mist&quot; (caprifoglio selvatico + menta) e &quot;Memory of Rain&quot; (orzo tostato + osmanto): ognuno pensato per lenire, risvegliare o semplicemente mettere in pausa la giornata.<\/p><p>Ci riforniamo di tutto entro un raggio di 100 chilometri: peperoncini da Emei, salsa di soia da Jianyang, germogli di bamb\u00f9 da Dujiangyan e riso dalle fertili pianure di Leshan. Rifiutiamo ingredienti industriali. Compostiamo gli scarti. Riutilizziamo barattoli di vetro come contenitori per le erbe aromatiche fresche raccolte ogni giorno dal nostro orto sul tetto.<\/p><div class=\"my-2\">\u00a0<\/div><p data-spm-anchor-id=\"a2ty_o01.29997173.0.i136.3ac7c921O44zAQ\">Ci\u00f2 che ci distingue non \u00e8 solo il gusto, \u00e8 <em>presenza<\/em>.<br \/>Qui non troverete chioschi per gli ordini automatici.<br \/>Non sarai costretto a passare di corsa da una portata all&#039;altra.<br \/>Al contrario, dopo la prima visita verrete accolti per nome.<br \/>Ti verr\u00e0 offerto altro olio al peperoncino prima che tu lo chieda.<br \/>Potresti essere invitato a sederti accanto a uno studente locale che studia all&#039;estero e imparare a dire &quot;Mi manca casa&quot; nel dialetto del Sichuan.<\/p><div class=\"my-2\">\u00a0<\/div><p>Lo Yinxitang Caf\u00e9 \u00e8 pi\u00f9 di un semplice ristorante in hotel: \u00e8 un avamposto culturale, un tavolo per la comunit\u00e0, un rifugio per chi \u00e8 stanco del lato performativo del viaggio. Che siate un professore ospite di Oxford, un backpacker australiano, un ingegnere locale in cerca di nostalgia o un viaggiatore solitario in cerca di tranquillit\u00e0 dopo una lunga giornata trascorsa a esplorare Jinli Street o la Panda Base, questo \u00e8 il posto che fa per voi.<\/p><p>E poich\u00e9 crediamo che il buon cibo debba essere accessibile, i nostri prezzi rimangono contenuti. Un pasto completo costa meno di 60 \u00a5. Una tazza di t\u00e8, 12 \u00a5. Un momento di pace? Impagabile.<\/p><div class=\"my-2\">\u00a0<\/div><p><strong>Perch\u00e9 i viaggiatori continuano a tornare:<\/strong><\/p><ul dir=\"auto\"><li>Valutato <strong>9,5\/10 su Trip.com<\/strong> per &quot;il cibo locale pi\u00f9 autentico del distretto di Wuhou&quot;<\/li><li>In primo piano in <em>I luoghi nascosti di Chengdu secondo Lonely Planet<\/em> (2024)<\/li><li>Votato come &quot;Miglior ristorante non turistico vicino all&#039;Universit\u00e0 del Sichuan&quot; dal collettivo di blogger gastronomici di Chengdu<\/li><li>Oltre il 70% di ospiti tornano appositamente per il bar, anche se alloggiano altrove<\/li><\/ul><p>Venite per i sapori.<br \/>Aspettate il silenzio tra un boccone e l&#039;altro.<br \/>Riparti con una nuova comprensione di cosa significhi veramente la cucina del Sichuan: non il piccante fine a se stesso, ma l&#039;armonia che nasce dalla pazienza, dal rispetto e da una tradizione radicata.<\/p><div class=\"py-2 my-3\"><hr \/><\/div><p data-spm-anchor-id=\"a2ty_o01.29997173.0.i137.3ac7c921O44zAQ\">\ud83d\udccd <strong>Caff\u00e8 Yinxitang<\/strong><br \/>All&#039;interno dell&#039;Hotel Yinxitang | No. 8 Nantai Road, Distretto di Wuhou, Chengdu, Sichuan 610000, Cina<br \/>\ud83d\udd52 Aperto tutti i giorni: dalle 6:30 alle 22:00 | Non \u00e8 necessaria la prenotazione: porta solo il tuo appetito e la tua tranquillit\u00e0<\/p>\t\t\t\t\t\t\t\t<\/div>\n\t\t\t\t\t<\/div>\n\t\t\t\t<\/div>\n\t\t\t\t<section class=\"elementor-section elementor-top-section elementor-element elementor-element-493dffcd elementor-section-stretched elementor-section-boxed elementor-section-gap-beside-yes elementor-section-height-default elementor-section-height-default elementor-section-column-vertical-align-stretch\" data-id=\"493dffcd\" data-element_type=\"section\" data-e-type=\"section\" data-settings=\"{&quot;background_background&quot;:&quot;classic&quot;,&quot;stretch_section&quot;:&quot;section-stretched&quot;}\">\n\t\t\t\t\t\t<div class=\"elementor-container elementor-column-gap-extended\">\n\t\t\t\t\t<div class=\"elementor-column elementor-col-100 elementor-top-column elementor-element elementor-element-11e6358c\" data-id=\"11e6358c\" data-element_type=\"column\" data-e-type=\"column\">\n\t\t\t<div class=\"elementor-widget-wrap elementor-element-populated\">\n\t\t\t\t\t\t<div class=\"elementor-element elementor-element-74646b02 elementor-widget elementor-widget-nuss-heading\" data-id=\"74646b02\" data-element_type=\"widget\" data-e-type=\"widget\" data-widget_type=\"nuss-heading.default\">\n\t\t\t\t<div class=\"elementor-widget-container\">\n\t\t\t\t\t\t\t<div class=\"nuss-modern-heading\">\r\n\t\t\t\t\t\t<div class=\"heading-secondary-wrap\">\r\n\t\t\t\t<h3 class=\"heading-secondary elementor-heading-title\">Controlla disponibile <\/h3>\t\t\t<\/div>\r\n\t\t\r\n\t\t\t\r\n\t\t\t\r\n\t\t\t\t\t<\/div>\r\n\t\t\t\t\t<\/div>\n\t\t\t\t<\/div>\n\t\t\t\t<div class=\"elementor-element elementor-element-23d46ef2 elementor-widget elementor-widget-text-editor\" data-id=\"23d46ef2\" data-element_type=\"widget\" data-e-type=\"widget\" data-widget_type=\"text-editor.default\">\n\t\t\t\t\t\t\t\t\t<iframe border=\"0\" src=\"https:\/\/www.trip.com\/partners\/ad\/S5409112?Allianceid=4590391&#038;SID=259760691&#038;trip_sub1=\" style=\"width:1200px;height:200px\" frameborder=\"0\" scrolling=\"no\" id=\"S5409112\"><\/iframe>\t\t\t\t\t\t\t\t<\/div>\n\t\t\t\t\t<\/div>\n\t\t<\/div>\n\t\t\t\t\t<\/div>\n\t\t<\/section>\n\t\t\t\t<\/div>","protected":false},"excerpt":{"rendered":"<p>Where Chengdu\u2019s Culinary Soul Meets Quiet Hospitality Tucked just behind the unassuming facade of Yinxitang Hotel at No. 8 Nantai Road, Wuhou District, Chengdu, lies a dining experience that defies expectations\u2014not with grandeur, but with grace. Welcome to Yinxitang Caf\u00e9, the quiet heart of our hotel and one of Chengdu\u2019s most authentic, under-the-radar culinary sanctuaries [&hellip;]<\/p>\n","protected":false},"author":1,"featured_media":0,"parent":0,"menu_order":0,"comment_status":"closed","ping_status":"closed","template":"","meta":{"footnotes":""},"class_list":["post-612","page","type-page","status-publish","hentry","post-no-thumbnail"],"_links":{"self":[{"href":"https:\/\/yinxitanghotel.com\/it\/wp-json\/wp\/v2\/pages\/612","targetHints":{"allow":["GET"]}}],"collection":[{"href":"https:\/\/yinxitanghotel.com\/it\/wp-json\/wp\/v2\/pages"}],"about":[{"href":"https:\/\/yinxitanghotel.com\/it\/wp-json\/wp\/v2\/types\/page"}],"author":[{"embeddable":true,"href":"https:\/\/yinxitanghotel.com\/it\/wp-json\/wp\/v2\/users\/1"}],"replies":[{"embeddable":true,"href":"https:\/\/yinxitanghotel.com\/it\/wp-json\/wp\/v2\/comments?post=612"}],"version-history":[{"count":0,"href":"https:\/\/yinxitanghotel.com\/it\/wp-json\/wp\/v2\/pages\/612\/revisions"}],"wp:attachment":[{"href":"https:\/\/yinxitanghotel.com\/it\/wp-json\/wp\/v2\/media?parent=612"}],"curies":[{"name":"parola chiave","href":"https:\/\/api.w.org\/{rel}","templated":true}]}}