{"id":5266,"date":"2021-07-18T08:03:35","date_gmt":"2021-07-18T08:03:35","guid":{"rendered":"https:\/\/nuss.uxper.co\/luxury-resort\/?page_id=5266"},"modified":"2025-09-16T13:41:21","modified_gmt":"2025-09-16T13:41:21","slug":"chi-siamo","status":"publish","type":"page","link":"https:\/\/yinxitanghotel.com\/it\/chi-siamo\/","title":{"rendered":"Chi siamo"},"content":{"rendered":"<div data-elementor-type=\"wp-page\" data-elementor-id=\"5266\" class=\"elementor elementor-5266\">\n\t\t\t\t\t\t<section class=\"elementor-section elementor-top-section elementor-element elementor-element-10416953 elementor-section-boxed elementor-section-gap-beside-yes elementor-section-height-default elementor-section-height-default elementor-section-column-vertical-align-stretch\" data-id=\"10416953\" data-element_type=\"section\" data-e-type=\"section\">\n\t\t\t\t\t\t<div class=\"elementor-container elementor-column-gap-extended\">\n\t\t\t\t\t<div class=\"elementor-column elementor-col-100 elementor-top-column elementor-element elementor-element-29c6aa8\" data-id=\"29c6aa8\" data-element_type=\"column\" data-e-type=\"column\">\n\t\t\t<div class=\"elementor-widget-wrap elementor-element-populated\">\n\t\t\t\t\t\t<div class=\"elementor-element elementor-element-7be18fe7 elementor-widget__width-initial elementor-invisible elementor-widget elementor-widget-text-editor\" data-id=\"7be18fe7\" data-element_type=\"widget\" data-e-type=\"widget\" data-settings=\"{&quot;_animation&quot;:&quot;nussFadeInUp&quot;}\" data-widget_type=\"text-editor.default\">\n\t\t\t\t\t\t\t\t\t<p><em data-spm-anchor-id=\"a2ty_o01.29997173.0.i104.3ac7c921O44zAQ\">Prenota oggi stesso il tuo soggiorno e scopri perch\u00e9 i viaggiatori pi\u00f9 esigenti considerano Yinxitang la loro seconda casa nella capitale della cucina e della tranquillit\u00e0 del Sichuan.<\/em><\/p>\t\t\t\t\t\t\t\t<\/div>\n\t\t\t\t\t<\/div>\n\t\t<\/div>\n\t\t\t\t\t<\/div>\n\t\t<\/section>\n\t\t\t\t<section class=\"elementor-section elementor-top-section elementor-element elementor-element-7d18327f elementor-section-boxed elementor-section-gap-beside-yes elementor-section-height-default elementor-section-height-default elementor-section-column-vertical-align-stretch\" data-id=\"7d18327f\" data-element_type=\"section\" data-e-type=\"section\">\n\t\t\t\t\t\t<div class=\"elementor-container elementor-column-gap-extended\">\n\t\t\t\t\t<div class=\"elementor-column elementor-col-50 elementor-top-column elementor-element elementor-element-56533670\" data-id=\"56533670\" data-element_type=\"column\" data-e-type=\"column\">\n\t\t\t<div class=\"elementor-widget-wrap elementor-element-populated\">\n\t\t\t\t\t\t<div class=\"elementor-element elementor-element-19c3f543 elementor-invisible elementor-widget elementor-widget-text-editor\" data-id=\"19c3f543\" data-element_type=\"widget\" data-e-type=\"widget\" data-settings=\"{&quot;_animation&quot;:&quot;nussFadeInUp&quot;}\" data-widget_type=\"text-editor.default\">\n\t\t\t\t\t\t\t\t\t<p>Immerso nel cuore vibrante del distretto di Wuhou di Chengdu, <strong>N. 8 Nantai Road<\/strong>, solo un <strong>3 minuti a piedi dalla stazione della metropolitana Xinnanmen (linea 3)<\/strong>, <strong>Yinxitang Hotel (filiale dell&#039;Universit\u00e0 del Sichuan)<\/strong> Ridefinisce la tranquillit\u00e0 urbana per i viaggiatori moderni in cerca di autenticit\u00e0, comodit\u00e0 e profondit\u00e0 culturale. Progettato come un rifugio sereno immerso nell&#039;energia di una delle citt\u00e0 pi\u00f9 amate della Cina, questo boutique hotel fonde perfettamente il comfort contemporaneo con la raffinata tradizione del Sichuan, offrendo pi\u00f9 di un semplice posto dove dormire, ma una porta d&#039;accesso all&#039;anima di Chengdu.<\/p>\t\t\t\t\t\t\t\t<\/div>\n\t\t\t\t\t<\/div>\n\t\t<\/div>\n\t\t\t\t<div class=\"elementor-column elementor-col-50 elementor-top-column elementor-element elementor-element-30f14127\" data-id=\"30f14127\" data-element_type=\"column\" data-e-type=\"column\">\n\t\t\t<div class=\"elementor-widget-wrap elementor-element-populated\">\n\t\t\t\t\t\t<div class=\"elementor-element elementor-element-59aea08 elementor-widget elementor-widget-image\" data-id=\"59aea08\" data-element_type=\"widget\" data-e-type=\"widget\" data-widget_type=\"image.default\">\n\t\t\t\t\t\t\t\t\t\t\t\t\t\t\t<img fetchpriority=\"high\" decoding=\"async\" width=\"556\" height=\"853\" src=\"https:\/\/yinxitanghotel.com\/wp-content\/uploads\/2025\/09\/Yinxitang-Hotel-9.webp\" class=\"attachment-large size-large wp-image-6036\" alt=\"\" srcset=\"https:\/\/yinxitanghotel.com\/wp-content\/uploads\/2025\/09\/Yinxitang-Hotel-9.webp 556w, https:\/\/yinxitanghotel.com\/wp-content\/uploads\/2025\/09\/Yinxitang-Hotel-9-196x300.webp 196w, https:\/\/yinxitanghotel.com\/wp-content\/uploads\/2025\/09\/Yinxitang-Hotel-9-8x12.webp 8w\" sizes=\"(max-width: 556px) 100vw, 556px\" \/>\t\t\t\t\t\t\t\t\t\t\t\t\t\t\t<\/div>\n\t\t\t\t\t<\/div>\n\t\t<\/div>\n\t\t\t\t\t<\/div>\n\t\t<\/section>\n\t\t\t\t<section class=\"elementor-section elementor-top-section elementor-element elementor-element-29fb8578 elementor-section-height-min-height elementor-section-stretched elementor-section-full_width elementor-section-items-stretch elementor-section-height-default elementor-section-column-vertical-align-stretch\" data-id=\"29fb8578\" data-element_type=\"section\" data-e-type=\"section\" data-settings=\"{&quot;stretch_section&quot;:&quot;section-stretched&quot;}\">\n\t\t\t\t\t\t<div class=\"elementor-container elementor-column-gap-no\">\n\t\t\t\t\t<div class=\"elementor-column elementor-col-50 elementor-top-column elementor-element elementor-element-40ac270b\" data-id=\"40ac270b\" data-element_type=\"column\" data-e-type=\"column\">\n\t\t\t<div class=\"elementor-widget-wrap elementor-element-populated\">\n\t\t\t\t\t\t<div class=\"elementor-element elementor-element-20872773 elementor-widget__width-initial elementor-widget-mobile__width-inherit elementor-invisible nuss-elementor-loading nuss-slide-in-right elementor-widget elementor-widget-image\" data-id=\"20872773\" data-element_type=\"widget\" data-e-type=\"widget\" data-settings=\"{&quot;_animation&quot;:&quot;nussSlideInRight&quot;}\" data-widget_type=\"image.default\">\n\t\t\t\t\t\t\t\t\t\t\t\t\t\t\t<img decoding=\"async\" width=\"1280\" height=\"853\" src=\"https:\/\/yinxitanghotel.com\/wp-content\/uploads\/2025\/09\/Yinxitang-Hotel-7.webp\" class=\"attachment-full size-full wp-image-6034\" alt=\"\" srcset=\"https:\/\/yinxitanghotel.com\/wp-content\/uploads\/2025\/09\/Yinxitang-Hotel-7.webp 1280w, https:\/\/yinxitanghotel.com\/wp-content\/uploads\/2025\/09\/Yinxitang-Hotel-7-300x200.webp 300w, https:\/\/yinxitanghotel.com\/wp-content\/uploads\/2025\/09\/Yinxitang-Hotel-7-1024x682.webp 1024w, https:\/\/yinxitanghotel.com\/wp-content\/uploads\/2025\/09\/Yinxitang-Hotel-7-768x512.webp 768w, https:\/\/yinxitanghotel.com\/wp-content\/uploads\/2025\/09\/Yinxitang-Hotel-7-18x12.webp 18w\" sizes=\"(max-width: 1280px) 100vw, 1280px\" \/>\t\t\t\t\t\t\t\t\t\t\t\t\t\t\t<\/div>\n\t\t\t\t\t<\/div>\n\t\t<\/div>\n\t\t\t\t<div class=\"elementor-column elementor-col-50 elementor-top-column elementor-element elementor-element-2dac103\" data-id=\"2dac103\" data-element_type=\"column\" data-e-type=\"column\">\n\t\t\t<div class=\"elementor-widget-wrap elementor-element-populated\">\n\t\t\t\t\t\t<div class=\"elementor-element elementor-element-6f1b8966 elementor-invisible elementor-widget elementor-widget-text-editor\" data-id=\"6f1b8966\" data-element_type=\"widget\" data-e-type=\"widget\" data-settings=\"{&quot;_animation&quot;:&quot;nussFadeInUp&quot;}\" data-widget_type=\"text-editor.default\">\n\t\t\t\t\t\t\t\t\t<p data-spm-anchor-id=\"a2ty_o01.29997173.0.i105.3ac7c921O44zAQ\">Perfettamente posizionato tra il vivace campus di <strong>Universit\u00e0 del Sichuan<\/strong> e il fascino storico di <strong>Tempio Wuhou<\/strong>Lo Yinxitang Hotel \u00e8 ideale per studenti, viaggiatori d&#039;affari, nomadi digitali e amanti della cultura. Che siate qui per esplorare le famose sale da t\u00e8 di Chengdu, assaporare il famoso hotpot piccante o semplicemente sfuggire al rumore della vita cittadina, le nostre camere, arredate con cura, offrono un rifugio rilassante con biancheria da letto di alta qualit\u00e0, climatizzazione intelligente, finestre insonorizzate e arredi di ispirazione locale con bamb\u00f9, lino e tenui toni della terra.<\/p><div class=\"my-2\">\u00a0<\/div><p>Gli ospiti possono usufruire di servizi gratuiti tra cui <strong>Stazioni di tisane aperte 24 ore su 24<\/strong>, <strong>Wi-Fi ad alta velocit\u00e0 gratuito<\/strong>, <strong>servizi di concierge di viaggio personalizzati<\/strong> che svelano ristoranti nascosti nei vicoli e gallerie d&#039;arte locali, e <strong>rituali di pediluvio serale<\/strong> Arricchito con erbe tradizionali cinesi, il tutto pensato per lenire il vostro viaggio. La nostra caffetteria in loco serve autentiche colazioni del Sichuan: noodles tirati a mano, dan dan mian e panini al vapore, accompagnati da profumato t\u00e8 al gelsomino, mentre la nostra terrazza panoramica offre una tranquilla vista sullo skyline della citt\u00e0 all&#039;ora d&#039;oro.<\/p><div class=\"my-2\">\u00a0<\/div><p data-spm-anchor-id=\"a2ty_o01.29997173.0.i106.3ac7c921O44zAQ\">Come l&#039;hotel pi\u00f9 vicino a <strong>Stazione della metropolitana di Xinnanmen<\/strong>, Yinxitang fornisce un accesso senza sforzo a <strong>Stazione ferroviaria di Chengdu (15 min)<\/strong>, <strong>Aeroporto Internazionale di Shuangliu (30 minuti in metropolitana)<\/strong>e le principali attrazioni come <strong>Via antica Jinli<\/strong>, <strong>Vicolo Kuanzhai<\/strong>, E <strong>Base di ricerca di Chengdu per l&#039;allevamento del panda gigante<\/strong>Con la sua eleganza discreta, le sue profonde radici locali e la sua impareggiabile accessibilit\u00e0, <strong>Lo Yinxitang Hotel non \u00e8 solo un soggiorno: \u00e8 un&#039;esperienza immersiva a Chengdu, un momento di tranquillit\u00e0 alla volta.<\/strong><\/p>\t\t\t\t\t\t\t\t<\/div>\n\t\t\t\t\t<\/div>\n\t\t<\/div>\n\t\t\t\t\t<\/div>\n\t\t<\/section>\n\t\t\t\t<section class=\"elementor-section elementor-top-section elementor-element elementor-element-2092b7d0 elementor-section-stretched elementor-section-boxed elementor-section-gap-beside-yes elementor-section-height-default elementor-section-height-default elementor-section-column-vertical-align-stretch\" data-id=\"2092b7d0\" data-element_type=\"section\" data-e-type=\"section\" data-settings=\"{&quot;background_background&quot;:&quot;classic&quot;,&quot;stretch_section&quot;:&quot;section-stretched&quot;}\">\n\t\t\t\t\t\t<div class=\"elementor-container elementor-column-gap-extended\">\n\t\t\t\t\t<div class=\"elementor-column elementor-col-100 elementor-top-column elementor-element elementor-element-be69d75\" data-id=\"be69d75\" data-element_type=\"column\" data-e-type=\"column\">\n\t\t\t<div class=\"elementor-widget-wrap elementor-element-populated\">\n\t\t\t\t\t\t<div class=\"elementor-element elementor-element-320c022 elementor-widget elementor-widget-nuss-heading\" data-id=\"320c022\" data-element_type=\"widget\" data-e-type=\"widget\" data-widget_type=\"nuss-heading.default\">\n\t\t\t\t<div class=\"elementor-widget-container\">\n\t\t\t\t\t\t\t<div class=\"nuss-modern-heading\">\r\n\t\t\t\t\t\t<div class=\"heading-secondary-wrap\">\r\n\t\t\t\t<h3 class=\"heading-secondary elementor-heading-title\">Controlla disponibile <\/h3>\t\t\t<\/div>\r\n\t\t\r\n\t\t\t\r\n\t\t\t\r\n\t\t\t\t\t<\/div>\r\n\t\t\t\t\t<\/div>\n\t\t\t\t<\/div>\n\t\t\t\t<div class=\"elementor-element elementor-element-fe69a93 elementor-widget elementor-widget-text-editor\" data-id=\"fe69a93\" data-element_type=\"widget\" data-e-type=\"widget\" data-widget_type=\"text-editor.default\">\n\t\t\t\t\t\t\t\t\t<iframe border=\"0\" src=\"https:\/\/www.trip.com\/partners\/ad\/S5409112?Allianceid=4590391&#038;SID=259760691&#038;trip_sub1=\" style=\"width:1200px;height:200px\" frameborder=\"0\" scrolling=\"no\" id=\"S5409112\"><\/iframe>\t\t\t\t\t\t\t\t<\/div>\n\t\t\t\t\t<\/div>\n\t\t<\/div>\n\t\t\t\t\t<\/div>\n\t\t<\/section>\n\t\t\t\t<\/div>","protected":false},"excerpt":{"rendered":"<p>Book your stay today and discover why discerning travelers call Yinxitang their home away from home in the capital of Sichuan cuisine and calm. Nestled in the vibrant heart of Chengdu\u2019s Wuhou District at No. 8 Nantai Road, just a 3-minute walk from Xinnanmen Subway Station (Line 3), Yinxitang Hotel (Sichuan University Branch) redefines urban [&hellip;]<\/p>\n","protected":false},"author":1,"featured_media":0,"parent":0,"menu_order":0,"comment_status":"closed","ping_status":"closed","template":"","meta":{"footnotes":""},"class_list":["post-5266","page","type-page","status-publish","hentry","post-no-thumbnail"],"_links":{"self":[{"href":"https:\/\/yinxitanghotel.com\/it\/wp-json\/wp\/v2\/pages\/5266","targetHints":{"allow":["GET"]}}],"collection":[{"href":"https:\/\/yinxitanghotel.com\/it\/wp-json\/wp\/v2\/pages"}],"about":[{"href":"https:\/\/yinxitanghotel.com\/it\/wp-json\/wp\/v2\/types\/page"}],"author":[{"embeddable":true,"href":"https:\/\/yinxitanghotel.com\/it\/wp-json\/wp\/v2\/users\/1"}],"replies":[{"embeddable":true,"href":"https:\/\/yinxitanghotel.com\/it\/wp-json\/wp\/v2\/comments?post=5266"}],"version-history":[{"count":0,"href":"https:\/\/yinxitanghotel.com\/it\/wp-json\/wp\/v2\/pages\/5266\/revisions"}],"wp:attachment":[{"href":"https:\/\/yinxitanghotel.com\/it\/wp-json\/wp\/v2\/media?parent=5266"}],"curies":[{"name":"parola chiave","href":"https:\/\/api.w.org\/{rel}","templated":true}]}}