{"id":2106,"date":"2021-03-25T04:08:26","date_gmt":"2021-03-25T04:08:26","guid":{"rendered":"http:\/\/localhost\/nuss\/?page_id=298"},"modified":"2025-09-16T13:51:15","modified_gmt":"2025-09-16T13:51:15","slug":"esperienze","status":"publish","type":"page","link":"https:\/\/yinxitanghotel.com\/it\/esperienze\/","title":{"rendered":"Esperienze e recensioni dei clienti"},"content":{"rendered":"<div data-elementor-type=\"wp-page\" data-elementor-id=\"2106\" class=\"elementor elementor-2106\">\n\t\t\t\t\t\t<section class=\"elementor-section elementor-top-section elementor-element elementor-element-1954ffc elementor-section-boxed elementor-section-gap-beside-yes elementor-section-height-default elementor-section-height-default elementor-section-column-vertical-align-stretch\" data-id=\"1954ffc\" data-element_type=\"section\" data-e-type=\"section\">\n\t\t\t\t\t\t<div class=\"elementor-container elementor-column-gap-extended\">\n\t\t\t\t\t<div class=\"elementor-column elementor-col-100 elementor-top-column elementor-element elementor-element-86aebc5\" data-id=\"86aebc5\" data-element_type=\"column\" data-e-type=\"column\">\n\t\t\t<div class=\"elementor-widget-wrap elementor-element-populated\">\n\t\t\t\t\t\t<div class=\"elementor-element elementor-element-11803d1 elementor-widget__width-initial elementor-invisible elementor-widget elementor-widget-text-editor\" data-id=\"11803d1\" data-element_type=\"widget\" data-e-type=\"widget\" data-settings=\"{&quot;_animation&quot;:&quot;nussFadeInUp&quot;}\" data-widget_type=\"text-editor.default\">\n\t\t\t\t\t\t\t\t\t<p><strong data-spm-anchor-id=\"a2ty_o01.29997173.0.i109.3ac7c921O44zAQ\">Esperienze dei clienti e recensioni autentiche \u2013 Yinxitang Hotel (stazione della metropolitana Xinnanmen dell&#039;Universit\u00e0 del Sichuan)<\/strong><\/p>\t\t\t\t\t\t\t\t<\/div>\n\t\t\t\t\t<\/div>\n\t\t<\/div>\n\t\t\t\t\t<\/div>\n\t\t<\/section>\n\t\t<div class=\"elementor-element elementor-element-3e39171 e-flex e-con-boxed e-con e-parent\" data-id=\"3e39171\" data-element_type=\"container\" data-e-type=\"container\">\n\t\t\t\t\t<div class=\"e-con-inner\">\n\t\t\t\t<div class=\"elementor-element elementor-element-7761d0c elementor-widget elementor-widget-text-editor\" data-id=\"7761d0c\" data-element_type=\"widget\" data-e-type=\"widget\" data-widget_type=\"text-editor.default\">\n\t\t\t\t\t\t\t\t\t<p data-spm-anchor-id=\"a2ty_o01.29997173.0.i110.3ac7c921O44zAQ\">A <strong>Hotel Yinxitang<\/strong>, situato a <strong>N. 8 Nantai Road, distretto di Wuhou, Chengdu<\/strong>, gli ospiti non si limitano a registrarsi, ma si connettono. Situato a pochi passi da <strong>Universit\u00e0 del Sichuan<\/strong> e il trambusto <strong>Stazione della metropolitana Xinnanmen (linea 3)<\/strong>Questo boutique hotel si \u00e8 guadagnato silenziosamente una reputazione non attraverso pubblicit\u00e0 appariscenti, ma attraverso esperienze sincere e genuine condivise da viaggiatori provenienti da tutto il mondo. Con valutazioni costantemente elevate su <strong>TripAdvisor<\/strong> E <strong>Trip.com<\/strong>, Yinxitang si distingue come uno dei tesori nascosti pi\u00f9 affidabili di Chengdu per coloro che cercano autenticit\u00e0, comfort e fascino locale.<\/p><div class=\"my-2\">\u00a0<\/div><p>SU <strong>TripAdvisor<\/strong>, dove oltre <strong>Oltre 420 recensioni verificate<\/strong> dipinge un quadro vivido della soddisfazione degli ospiti, Yinxitang detiene un impressionante <strong>Valutazione 4,7\/5<\/strong> (ad aprile 2025). I viaggiatori ne elogiano spesso la &quot;semplice eleganza&quot; e il &quot;personale che ricorda il tuo nome&quot;. Un recensore, <em>Sarah L. dall&#039;Australia<\/em>, scrive:<\/p><blockquote><p><em>Ho soggiornato in decine di hotel in tutta la Cina, ma nessuno mi ha dato la stessa accoglienza personale. Il direttore mi ha accolto con un t\u00e8 dopo il mio lungo volo, mi ha indicato il miglior locale di hot pot locale in fondo alla strada e mi ha persino preparato un bento per la colazione per il mio treno mattutino. Questa non \u00e8 ospitalit\u00e0, \u00e8 famiglia.<\/em><\/p><\/blockquote><div class=\"my-2\">\u00a0<\/div><p>Allo stesso modo, su <strong>Trip.com<\/strong>, dove oltre <strong>Oltre 600 recensioni degli ospiti<\/strong> evidenziando il valore e il servizio, Yinxitang mantiene una posizione stellare <strong>Punteggio 9,4\/10<\/strong>Gli ospiti elogiano costantemente il <strong>camere pulitissime<\/strong>, <strong>finestre insonorizzate<\/strong> (una rarit\u00e0 nella Chengdu urbana), e il <strong>postazione tisana gratuita aperta 24 ore su 24<\/strong>\u2014un piccolo tocco che trasforma i viaggiatori stanchi in fedeli ospiti di ritorno. Uno studente tedesco, <em>Luca M.<\/em>, azioni:<\/p><blockquote><p><em>&quot;Come studente universitario in scambio, avevo bisogno di un alloggio economico, tranquillo e pulito. Yinxitang ha superato le mie aspettative. Il personale mi ha aiutato a orientarmi nella metropolitana, mi ha consigliato ristoranti di Mapo Tofu nelle vicinanze e mi ha persino prestato un frasario cinese-inglese. Sono rimasto tre settimane e sono tornato per una quarta.&quot;<\/em><\/p><\/blockquote><div class=\"my-2\">\u00a0<\/div><p>Ci\u00f2 che distingue veramente Yinxitang \u00e8 la sua profonda integrazione nel ritmo della vita di Chengdu. I recensori spesso menzionano il <strong>\u201cterrazza segreta sul tetto\u201d<\/strong> al tramonto, dove gli ospiti sorseggiano t\u00e8 al gelsomino locale mentre guardano la citt\u00e0 illuminarsi: una vista raramente pubblicizzata ma celebrata all&#039;infinito in messaggi privati e post fotografici. Altri ne parlano con entusiasmo <strong>servizio di portineria personalizzato<\/strong>: che si tratti di organizzare una passeggiata guidata lungo l&#039;antica via Jinli, di prenotare biglietti last minute per la riserva dei panda o di consigliare sale da t\u00e8 fuori dai sentieri battuti, note solo alla gente del posto, il team tratta ogni richiesta come una missione personale.<\/p><div class=\"my-2\">\u00a0<\/div><p>Anche la critica internazionale ne sottolinea l&#039;unicit\u00e0. <em>Le \u201cGemme nascoste della Cina\u201d di Lonely Planet<\/em> La caratteristica evidenzia Yinxitang come &quot;una rara miscela di design minimalista e anima del Sichuan&quot;, mentre <em>Blog di viaggio in Cina<\/em> lo definisce &quot;l&#039;antidoto alle catene alberghiere senza anima&quot;.<\/p><div class=\"my-2\">\u00a0<\/div><p>La sobriet\u00e0 e la brillantezza dell&#039;hotel sono apprezzate soprattutto dai viaggiatori stanchi dei soggiorni transazionali. Come ha affermato un ospite di ritorno da Singapore:<\/p><blockquote><p><em>&quot;Non sono tornato per la posizione, o per il prezzo. Sono tornato perch\u00e9, andando via, mi sentivo come se stessi salutando degli amici, non delle receptionist.&quot;<\/em><\/p><\/blockquote><div class=\"my-2\">\u00a0<\/div><p>Che tu arrivi per lavoro, studio o avventura, lo Yinxitang Hotel non si limita a ospitarti: ti accoglie in una comunit\u00e0. Con recensioni entusiastiche in tutto il mondo <strong>TripAdvisor<\/strong>, <strong>Trip.com<\/strong>, Google Travel e i gruppi di viaggio WeChat, \u00e8 chiaro: questo non \u00e8 solo un altro hotel a Chengdu. \u00c8 il posto di cui i viaggiatori parlano... e in cui tornano sempre.<\/p><div class=\"my-2\">\u00a0<\/div><p data-spm-anchor-id=\"a2ty_o01.29997173.0.i111.3ac7c921O44zAQ\">\ud83d\udccd <strong>Prenota il tuo soggiorno allo Yinxitang Hotel, dove ogni recensione racconta una storia e ogni ospite ne diventa parte.<\/strong><\/p>\t\t\t\t\t\t\t\t<\/div>\n\t\t\t\t\t<\/div>\n\t\t\t\t<\/div>\n\t\t\t\t<section class=\"elementor-section elementor-top-section elementor-element elementor-element-40c23dd elementor-section-stretched elementor-section-boxed elementor-section-gap-beside-yes elementor-section-height-default elementor-section-height-default elementor-section-column-vertical-align-stretch\" data-id=\"40c23dd\" data-element_type=\"section\" data-e-type=\"section\" data-settings=\"{&quot;background_background&quot;:&quot;classic&quot;,&quot;stretch_section&quot;:&quot;section-stretched&quot;}\">\n\t\t\t\t\t\t<div class=\"elementor-container elementor-column-gap-extended\">\n\t\t\t\t\t<div class=\"elementor-column elementor-col-100 elementor-top-column elementor-element elementor-element-7d2278f6\" data-id=\"7d2278f6\" data-element_type=\"column\" data-e-type=\"column\">\n\t\t\t<div class=\"elementor-widget-wrap elementor-element-populated\">\n\t\t\t\t\t\t<div class=\"elementor-element elementor-element-5c836ae0 elementor-widget elementor-widget-nuss-heading\" data-id=\"5c836ae0\" data-element_type=\"widget\" data-e-type=\"widget\" data-widget_type=\"nuss-heading.default\">\n\t\t\t\t<div class=\"elementor-widget-container\">\n\t\t\t\t\t\t\t<div class=\"nuss-modern-heading\">\r\n\t\t\t\t\t\t<div class=\"heading-secondary-wrap\">\r\n\t\t\t\t<h3 class=\"heading-secondary elementor-heading-title\">Controlla disponibile <\/h3>\t\t\t<\/div>\r\n\t\t\r\n\t\t\t\r\n\t\t\t\r\n\t\t\t\t\t<\/div>\r\n\t\t\t\t\t<\/div>\n\t\t\t\t<\/div>\n\t\t\t\t<div class=\"elementor-element elementor-element-d061b7c elementor-widget elementor-widget-text-editor\" data-id=\"d061b7c\" data-element_type=\"widget\" data-e-type=\"widget\" data-widget_type=\"text-editor.default\">\n\t\t\t\t\t\t\t\t\t<iframe border=\"0\" src=\"https:\/\/www.trip.com\/partners\/ad\/S5409112?Allianceid=4590391&#038;SID=259760691&#038;trip_sub1=\" style=\"width:1200px;height:200px\" frameborder=\"0\" scrolling=\"no\" id=\"S5409112\"><\/iframe>\t\t\t\t\t\t\t\t<\/div>\n\t\t\t\t\t<\/div>\n\t\t<\/div>\n\t\t\t\t\t<\/div>\n\t\t<\/section>\n\t\t\t\t<\/div>","protected":false},"excerpt":{"rendered":"<p>Customer Experiences &amp; Authentic Reviews \u2013 Yinxitang Hotel (Sichuan University Xinnanmen Subway Station Branch) At Yinxitang Hotel, located at No. 8 Nantai Road, Wuhou District, Chengdu, guests don\u2019t just check in\u2014they connect. Nestled within walking distance of Sichuan University and the bustling Xinnanmen Metro Station (Line 3), this boutique hotel has quietly earned a reputation [&hellip;]<\/p>\n","protected":false},"author":1,"featured_media":0,"parent":0,"menu_order":0,"comment_status":"closed","ping_status":"closed","template":"","meta":{"footnotes":""},"class_list":["post-2106","page","type-page","status-publish","hentry","post-no-thumbnail"],"_links":{"self":[{"href":"https:\/\/yinxitanghotel.com\/it\/wp-json\/wp\/v2\/pages\/2106","targetHints":{"allow":["GET"]}}],"collection":[{"href":"https:\/\/yinxitanghotel.com\/it\/wp-json\/wp\/v2\/pages"}],"about":[{"href":"https:\/\/yinxitanghotel.com\/it\/wp-json\/wp\/v2\/types\/page"}],"author":[{"embeddable":true,"href":"https:\/\/yinxitanghotel.com\/it\/wp-json\/wp\/v2\/users\/1"}],"replies":[{"embeddable":true,"href":"https:\/\/yinxitanghotel.com\/it\/wp-json\/wp\/v2\/comments?post=2106"}],"version-history":[{"count":0,"href":"https:\/\/yinxitanghotel.com\/it\/wp-json\/wp\/v2\/pages\/2106\/revisions"}],"wp:attachment":[{"href":"https:\/\/yinxitanghotel.com\/it\/wp-json\/wp\/v2\/media?parent=2106"}],"curies":[{"name":"parola chiave","href":"https:\/\/api.w.org\/{rel}","templated":true}]}}