{"id":2104,"date":"2021-03-23T09:33:48","date_gmt":"2021-03-23T09:33:48","guid":{"rendered":"http:\/\/localhost\/nuss\/?page_id=167"},"modified":"2025-09-16T13:56:40","modified_gmt":"2025-09-16T13:56:40","slug":"la-nostra-storia","status":"publish","type":"page","link":"https:\/\/yinxitanghotel.com\/it\/la-nostra-storia\/","title":{"rendered":"La nostra storia"},"content":{"rendered":"<div data-elementor-type=\"wp-page\" data-elementor-id=\"2104\" class=\"elementor elementor-2104\">\n\t\t\t\t\t\t<section class=\"elementor-section elementor-top-section elementor-element elementor-element-8f5bb9d elementor-section-boxed elementor-section-gap-beside-yes elementor-section-height-default elementor-section-height-default elementor-section-column-vertical-align-stretch\" data-id=\"8f5bb9d\" data-element_type=\"section\" data-e-type=\"section\">\n\t\t\t\t\t\t<div class=\"elementor-container elementor-column-gap-extended\">\n\t\t\t\t\t<div class=\"elementor-column elementor-col-100 elementor-top-column elementor-element elementor-element-7ec4215\" data-id=\"7ec4215\" data-element_type=\"column\" data-e-type=\"column\">\n\t\t\t<div class=\"elementor-widget-wrap elementor-element-populated\">\n\t\t\t\t\t\t<div class=\"elementor-element elementor-element-edd9d03 elementor-widget__width-initial elementor-invisible elementor-widget elementor-widget-text-editor\" data-id=\"edd9d03\" data-element_type=\"widget\" data-e-type=\"widget\" data-settings=\"{&quot;_animation&quot;:&quot;nussFadeInUp&quot;}\" data-widget_type=\"text-editor.default\">\n\t\t\t\t\t\t\t\t\t<p><strong data-spm-anchor-id=\"a2ty_o01.29997173.0.i124.3ac7c921O44zAQ\">Dove i momenti di tranquillit\u00e0 incontrano l&#039;anima di Chengdu<\/strong><\/p>\t\t\t\t\t\t\t\t<\/div>\n\t\t\t\t\t<\/div>\n\t\t<\/div>\n\t\t\t\t\t<\/div>\n\t\t<\/section>\n\t\t<div class=\"elementor-element elementor-element-ae7e42f e-flex e-con-boxed e-con e-parent\" data-id=\"ae7e42f\" data-element_type=\"container\" data-e-type=\"container\">\n\t\t\t\t\t<div class=\"e-con-inner\">\n\t\t\t\t<div class=\"elementor-element elementor-element-136c3a3 elementor-widget elementor-widget-text-editor\" data-id=\"136c3a3\" data-element_type=\"widget\" data-e-type=\"widget\" data-widget_type=\"text-editor.default\">\n\t\t\t\t\t\t\t\t\t<p data-spm-anchor-id=\"a2ty_o01.29997173.0.i125.3ac7c921O44zAQ\">Situato al numero 8 di Nantai Road, a un passo dal vivace cuore pulsante dell&#039;Universit\u00e0 del Sichuan e dal ritmo pulsante della stazione della metropolitana di Xinnanmen, <strong>Hotel Yinxitang<\/strong> non \u00e8 mai stato concepito come un semplice posto dove dormire.<\/p><div class=\"my-2\">\u00a0<\/div><p>Tutto \u00e8 nato da una domanda semplice e silenziosa: <em>Cosa succederebbe se un hotel non si limitasse ad accogliere i viaggiatori, ma li capisse davvero?<\/em><\/p><div class=\"my-2\">\u00a0<\/div><p>Nel 2018, la nostra fondatrice, Lin Mei, originaria di Chengdu da sempre, ex docente universitaria e amante del t\u00e8, della poesia e dei vicoli nascosti, ha assistito alla rapida modernizzazione della citt\u00e0, trasformando pensioni un tempo affascinanti in catene alberghiere senza anima. Studenti, ricercatori e visitatori in arrivo a Chengdu sono stati accolti con efficienza, ma raramente con calore. Hanno trovato camere, s\u00ec, ma raramente un senso di appartenenza.<\/p><div class=\"my-2\">\u00a0<\/div><p>Cos\u00ec fece qualcosa di radicale.<\/p><div class=\"my-2\">\u00a0<\/div><p>Acquist\u00f2 un modesto edificio di tre piani incastonato tra una centenaria casa da t\u00e8 Wu Wei e una bancarella di noodle a conduzione familiare, dove il profumo di olio al peperoncino aleggiava ancora nell&#039;aria come vecchi ricordi. Elimin\u00f2 le luci fluorescenti e l&#039;arredamento anonimo. Al loro posto, invit\u00f2 l&#039;artigianato: paraventi di bamb\u00f9 intagliati a mano di Ya&#039;an, biancheria da letto in lino tessuta da artigiani di Dujiangyan, rotoli di calligrafia dipinti da studenti locali e pavimenti riscaldati dal tradizionale riscaldamento a pavimento in stile kang, un&#039;antica tecnica del Sichuan dimenticata dai pi\u00f9.<\/p><div class=\"my-2\">\u00a0<\/div><p>Ma pi\u00f9 che design, era filosofia.<\/p><div class=\"my-2\">\u00a0<\/div><p>Lin Mei assumeva personale non per il curriculum, ma per il cuore. Una bibliotecaria in pensione che conosceva ogni tempio nascosto del distretto di Wuhou. Un&#039;ex studentessa dell&#039;Universit\u00e0 del Sichuan che sapeva recitare la storia di ogni albero del campus. La figlia di uno chef che preparava ancora i panini al vapore della nonna usando una ricetta vecchia di 70 anni. Non erano dipendenti: diventavano custodi di esperienza.<\/p><div class=\"my-2\">\u00a0<\/div><p>E cos\u00ec \u00e8 nato Yinxitang, non come un marchio, ma come un gesto.<\/p><div class=\"my-2\">\u00a0<\/div><p>Non abbiamo una dichiarazione d&#039;intenti aziendale affissa al muro. Al suo posto, sopra la reception, c&#039;\u00e8 un biglietto scritto a mano da uno dei nostri primi ospiti:<\/p><div class=\"my-2\">\u00a0<\/div><blockquote><p><em>&quot;Sono venuto qui in cerca di un letto. Sono partito con un amico.&quot;<\/em><\/p><\/blockquote><div class=\"my-2\">\u00a0<\/div><p>Questo \u00e8 il nostro punto di riferimento.<\/p><div class=\"my-2\">\u00a0<\/div><p>Da Yinxitang, crediamo che l&#039;ospitalit\u00e0 non consista nel spuntare caselle, ma nel notare le piccole cose: il modo in cui un viaggiatore esita prima di ordinare cibo piccante, il modo in cui si sofferma alla finestra a guardare i lampioni accendersi al tramonto, il modo in cui si dimentica di chiedere un cuscino perch\u00e9 \u00e8 troppo stanco per parlare. Ricordiamo. Anticipiamo. Offriamo una tazza calda di t\u00e8 al gelsomino senza che ce lo chiedano. Lasciamo sul vostro comodino una mappa piegata per raggiungere il miglior chiosco di dan dan mian del quartiere. Vi diamo in prestito il giradischi di nostro nonno, se siete curiosi di conoscere le canzoni pop di Chengdu degli anni &#039;80.<\/p><div class=\"my-2\">\u00a0<\/div><p>Le nostre camere sono volutamente minimali, non per sembrare sterili, ma per creare spazio. Spazio per la riflessione. Per il riposo. Per la quieta gioia di sentire la pioggia battere contro la finestra mentre sorseggi un t\u00e8 di cui non sapevi di aver bisogno.<\/p><div class=\"my-2\">\u00a0<\/div><p>Non ci promuoviamo come &quot;lusso&quot;. Non ne abbiamo bisogno. Il nostro lusso \u00e8 questo:<br \/>Il silenzio dopo una lunga giornata trascorsa a camminare sui ciottoli di Jinli.<br \/>Il conforto di sapere che qualcuno ricorda il tuo nome.<br \/>La sorpresa di trovare un biglietto scritto a mano dal direttore, che consiglia un poeta i cui versi rispecchiano il tuo stato d&#039;animo di quella settimana.<\/p><div class=\"my-2\">\u00a0<\/div><p>Non siamo affiliati ad alcuna catena globale. Non abbiamo un&#039;app fedelt\u00e0. Non promuoviamo upsell o pagamenti automatici. Crediamo nel contatto visivo. Nelle pause. Nella dignit\u00e0 di un servizio senza fretta.<\/p><div class=\"my-2\">\u00a0<\/div><p>Oggi, Yinxitang accoglie oltre 10.000 ospiti ogni anno: da studiosi internazionali che studiano letteratura cinese, a viaggiatori zaino in spalla che inseguono i sogni di hotpot, a coppie di anziani che tornano a Chengdu dopo decenni all&#039;estero, in cerca del profumo di casa. Molti vengono una volta sola. La maggior parte ritorna. Alcuni restano per mesi. Alcuni diventano parte della nostra storia.<\/p><div class=\"my-2\">\u00a0<\/div><p>Un anno, un giovane norvegese rimase per sei settimane. Scrisse poesie nel nostro cortile. Quando se ne and\u00f2, ci sped\u00ec un libro di versi dedicato alla &quot;silenziosa gentilezza di Yinxitang&quot;. Ora \u00e8 esposto sul nostro scaffale, accanto alla foto di un cucciolo di panda che un tempo sbirciava curioso attraverso il nostro cancello, attratto dall&#039;odore delle foglie di t\u00e8 di bamb\u00f9.<\/p><div class=\"my-2\">\u00a0<\/div><p>Questa \u00e8 la nostra storia: non una storia di espansione, ma di profondit\u00e0.<br \/>Non una crescita misurata in stanze, ma in momenti.<\/p><div class=\"my-2\">\u00a0<\/div><p>Non vogliamo essere l&#039;hotel pi\u00f9 grande di Chengdu.<br \/>Stiamo cercando di essere i pi\u00f9 <em>ricordato<\/em>.<\/p><div class=\"my-2\">\u00a0<\/div><p data-spm-anchor-id=\"a2ty_o01.29997173.0.i126.3ac7c921O44zAQ\">Perch\u00e9 in un mondo che si muove ogni giorno pi\u00f9 velocemente,<br \/>A volte ci\u00f2 che cercano i viaggiatori non \u00e8 la comodit\u00e0...<br \/>\u2026semplicemente un posto che sembra ricordarli.<\/p><div class=\"my-2\">\u00a0<\/div><p>\u2014<\/p><div class=\"my-2\">\u00a0<\/div><p data-spm-anchor-id=\"a2ty_o01.29997173.0.i127.3ac7c921O44zAQ\">\ud83d\udccd <strong>Hotel Yinxitang<\/strong><br \/>No. 8 Nantai Road, Distretto di Wuhou, Chengdu, Sichuan, 610000, Cina<br \/><em>Dove la citt\u00e0 respira, e cos\u00ec anche tu.<\/em><\/p>\t\t\t\t\t\t\t\t<\/div>\n\t\t\t\t\t<\/div>\n\t\t\t\t<\/div>\n\t\t\t\t<section class=\"elementor-section elementor-top-section elementor-element elementor-element-71aacf1b elementor-section-stretched elementor-section-boxed elementor-section-gap-beside-yes elementor-section-height-default elementor-section-height-default elementor-section-column-vertical-align-stretch\" data-id=\"71aacf1b\" data-element_type=\"section\" data-e-type=\"section\" data-settings=\"{&quot;background_background&quot;:&quot;classic&quot;,&quot;stretch_section&quot;:&quot;section-stretched&quot;}\">\n\t\t\t\t\t\t<div class=\"elementor-container elementor-column-gap-extended\">\n\t\t\t\t\t<div class=\"elementor-column elementor-col-100 elementor-top-column elementor-element elementor-element-52f2a0e0\" data-id=\"52f2a0e0\" data-element_type=\"column\" data-e-type=\"column\">\n\t\t\t<div class=\"elementor-widget-wrap elementor-element-populated\">\n\t\t\t\t\t\t<div class=\"elementor-element elementor-element-62b49917 elementor-widget elementor-widget-nuss-heading\" data-id=\"62b49917\" data-element_type=\"widget\" data-e-type=\"widget\" data-widget_type=\"nuss-heading.default\">\n\t\t\t\t<div class=\"elementor-widget-container\">\n\t\t\t\t\t\t\t<div class=\"nuss-modern-heading\">\r\n\t\t\t\t\t\t<div class=\"heading-secondary-wrap\">\r\n\t\t\t\t<h3 class=\"heading-secondary elementor-heading-title\">Controlla disponibile <\/h3>\t\t\t<\/div>\r\n\t\t\r\n\t\t\t\r\n\t\t\t\r\n\t\t\t\t\t<\/div>\r\n\t\t\t\t\t<\/div>\n\t\t\t\t<\/div>\n\t\t\t\t<div class=\"elementor-element elementor-element-b47201b elementor-widget elementor-widget-text-editor\" data-id=\"b47201b\" data-element_type=\"widget\" data-e-type=\"widget\" data-widget_type=\"text-editor.default\">\n\t\t\t\t\t\t\t\t\t<iframe border=\"0\" src=\"https:\/\/www.trip.com\/partners\/ad\/S5409112?Allianceid=4590391&#038;SID=259760691&#038;trip_sub1=\" style=\"width:1200px;height:200px\" frameborder=\"0\" scrolling=\"no\" id=\"S5409112\"><\/iframe>\t\t\t\t\t\t\t\t<\/div>\n\t\t\t\t\t<\/div>\n\t\t<\/div>\n\t\t\t\t\t<\/div>\n\t\t<\/section>\n\t\t\t\t<\/div>","protected":false},"excerpt":{"rendered":"<p>Where Quiet Moments Meet Chengdu\u2019s Soul Nestled at No. 8 Nantai Road, just a whisper away from the vibrant heartbeat of Sichuan University and the rhythmic pulse of Xinnanmen Subway Station, Yinxitang Hotel was never meant to be just another place to sleep. \u00a0 It was born from a simple, quiet question: What if a [&hellip;]<\/p>\n","protected":false},"author":1,"featured_media":0,"parent":0,"menu_order":0,"comment_status":"closed","ping_status":"closed","template":"","meta":{"footnotes":""},"class_list":["post-2104","page","type-page","status-publish","hentry","post-no-thumbnail"],"_links":{"self":[{"href":"https:\/\/yinxitanghotel.com\/it\/wp-json\/wp\/v2\/pages\/2104","targetHints":{"allow":["GET"]}}],"collection":[{"href":"https:\/\/yinxitanghotel.com\/it\/wp-json\/wp\/v2\/pages"}],"about":[{"href":"https:\/\/yinxitanghotel.com\/it\/wp-json\/wp\/v2\/types\/page"}],"author":[{"embeddable":true,"href":"https:\/\/yinxitanghotel.com\/it\/wp-json\/wp\/v2\/users\/1"}],"replies":[{"embeddable":true,"href":"https:\/\/yinxitanghotel.com\/it\/wp-json\/wp\/v2\/comments?post=2104"}],"version-history":[{"count":0,"href":"https:\/\/yinxitanghotel.com\/it\/wp-json\/wp\/v2\/pages\/2104\/revisions"}],"wp:attachment":[{"href":"https:\/\/yinxitanghotel.com\/it\/wp-json\/wp\/v2\/media?parent=2104"}],"curies":[{"name":"parola chiave","href":"https:\/\/api.w.org\/{rel}","templated":true}]}}