{"id":5266,"date":"2021-07-18T08:03:35","date_gmt":"2021-07-18T08:03:35","guid":{"rendered":"https:\/\/nuss.uxper.co\/luxury-resort\/?page_id=5266"},"modified":"2025-09-16T13:41:21","modified_gmt":"2025-09-16T13:41:21","slug":"a-propos-de-nous","status":"publish","type":"page","link":"https:\/\/yinxitanghotel.com\/fr\/a-propos-de-nous\/","title":{"rendered":"\u00c0 propos de nous"},"content":{"rendered":"<div data-elementor-type=\"wp-page\" data-elementor-id=\"5266\" class=\"elementor elementor-5266\">\n\t\t\t\t\t\t<section class=\"elementor-section elementor-top-section elementor-element elementor-element-10416953 elementor-section-boxed elementor-section-gap-beside-yes elementor-section-height-default elementor-section-height-default elementor-section-column-vertical-align-stretch\" data-id=\"10416953\" data-element_type=\"section\" data-e-type=\"section\">\n\t\t\t\t\t\t<div class=\"elementor-container elementor-column-gap-extended\">\n\t\t\t\t\t<div class=\"elementor-column elementor-col-100 elementor-top-column elementor-element elementor-element-29c6aa8\" data-id=\"29c6aa8\" data-element_type=\"column\" data-e-type=\"column\">\n\t\t\t<div class=\"elementor-widget-wrap elementor-element-populated\">\n\t\t\t\t\t\t<div class=\"elementor-element elementor-element-7be18fe7 elementor-widget__width-initial elementor-invisible elementor-widget elementor-widget-text-editor\" data-id=\"7be18fe7\" data-element_type=\"widget\" data-e-type=\"widget\" data-settings=\"{&quot;_animation&quot;:&quot;nussFadeInUp&quot;}\" data-widget_type=\"text-editor.default\">\n\t\t\t\t\t\t\t\t\t<p><em data-spm-anchor-id=\"a2ty_o01.29997173.0.i104.3ac7c921O44zAQ\">R\u00e9servez votre s\u00e9jour d\u00e8s aujourd&#039;hui et d\u00e9couvrez pourquoi les voyageurs exigeants appellent Yinxitang leur maison loin de chez eux dans la capitale de la cuisine et du calme du Sichuan.<\/em><\/p>\t\t\t\t\t\t\t\t<\/div>\n\t\t\t\t\t<\/div>\n\t\t<\/div>\n\t\t\t\t\t<\/div>\n\t\t<\/section>\n\t\t\t\t<section class=\"elementor-section elementor-top-section elementor-element elementor-element-7d18327f elementor-section-boxed elementor-section-gap-beside-yes elementor-section-height-default elementor-section-height-default elementor-section-column-vertical-align-stretch\" data-id=\"7d18327f\" data-element_type=\"section\" data-e-type=\"section\">\n\t\t\t\t\t\t<div class=\"elementor-container elementor-column-gap-extended\">\n\t\t\t\t\t<div class=\"elementor-column elementor-col-50 elementor-top-column elementor-element elementor-element-56533670\" data-id=\"56533670\" data-element_type=\"column\" data-e-type=\"column\">\n\t\t\t<div class=\"elementor-widget-wrap elementor-element-populated\">\n\t\t\t\t\t\t<div class=\"elementor-element elementor-element-19c3f543 elementor-invisible elementor-widget elementor-widget-text-editor\" data-id=\"19c3f543\" data-element_type=\"widget\" data-e-type=\"widget\" data-settings=\"{&quot;_animation&quot;:&quot;nussFadeInUp&quot;}\" data-widget_type=\"text-editor.default\">\n\t\t\t\t\t\t\t\t\t<p>Nich\u00e9 au c\u0153ur anim\u00e9 du district de Wuhou \u00e0 Chengdu <strong>N\u00b08, route de Nantai<\/strong>, juste un <strong>\u00c0 3 minutes \u00e0 pied de la station de m\u00e9tro Xinnanmen (ligne 3)<\/strong>, <strong>H\u00f4tel Yinxitang (branche de l&#039;Universit\u00e9 du Sichuan)<\/strong> Red\u00e9finit la tranquillit\u00e9 urbaine pour les voyageurs modernes en qu\u00eate d&#039;authenticit\u00e9, de confort et de richesse culturelle. Con\u00e7u comme un havre de paix nich\u00e9 au c\u0153ur de l&#039;\u00e9nergie de l&#039;une des villes les plus pris\u00e9es de Chine, cet h\u00f4tel-boutique allie harmonieusement confort contemporain et subtil h\u00e9ritage du Sichuan, offrant bien plus qu&#039;un simple lieu de s\u00e9jour, une v\u00e9ritable porte d&#039;entr\u00e9e vers l&#039;\u00e2me de Chengdu.<\/p>\t\t\t\t\t\t\t\t<\/div>\n\t\t\t\t\t<\/div>\n\t\t<\/div>\n\t\t\t\t<div class=\"elementor-column elementor-col-50 elementor-top-column elementor-element elementor-element-30f14127\" data-id=\"30f14127\" data-element_type=\"column\" data-e-type=\"column\">\n\t\t\t<div class=\"elementor-widget-wrap elementor-element-populated\">\n\t\t\t\t\t\t<div class=\"elementor-element elementor-element-59aea08 elementor-widget elementor-widget-image\" data-id=\"59aea08\" data-element_type=\"widget\" data-e-type=\"widget\" data-widget_type=\"image.default\">\n\t\t\t\t\t\t\t\t\t\t\t\t\t\t\t<img fetchpriority=\"high\" decoding=\"async\" width=\"556\" height=\"853\" src=\"https:\/\/yinxitanghotel.com\/wp-content\/uploads\/2025\/09\/Yinxitang-Hotel-9.webp\" class=\"attachment-large size-large wp-image-6036\" alt=\"\" srcset=\"https:\/\/yinxitanghotel.com\/wp-content\/uploads\/2025\/09\/Yinxitang-Hotel-9.webp 556w, https:\/\/yinxitanghotel.com\/wp-content\/uploads\/2025\/09\/Yinxitang-Hotel-9-196x300.webp 196w, https:\/\/yinxitanghotel.com\/wp-content\/uploads\/2025\/09\/Yinxitang-Hotel-9-8x12.webp 8w\" sizes=\"(max-width: 556px) 100vw, 556px\" \/>\t\t\t\t\t\t\t\t\t\t\t\t\t\t\t<\/div>\n\t\t\t\t\t<\/div>\n\t\t<\/div>\n\t\t\t\t\t<\/div>\n\t\t<\/section>\n\t\t\t\t<section class=\"elementor-section elementor-top-section elementor-element elementor-element-29fb8578 elementor-section-height-min-height elementor-section-stretched elementor-section-full_width elementor-section-items-stretch elementor-section-height-default elementor-section-column-vertical-align-stretch\" data-id=\"29fb8578\" data-element_type=\"section\" data-e-type=\"section\" data-settings=\"{&quot;stretch_section&quot;:&quot;section-stretched&quot;}\">\n\t\t\t\t\t\t<div class=\"elementor-container elementor-column-gap-no\">\n\t\t\t\t\t<div class=\"elementor-column elementor-col-50 elementor-top-column elementor-element elementor-element-40ac270b\" data-id=\"40ac270b\" data-element_type=\"column\" data-e-type=\"column\">\n\t\t\t<div class=\"elementor-widget-wrap elementor-element-populated\">\n\t\t\t\t\t\t<div class=\"elementor-element elementor-element-20872773 elementor-widget__width-initial elementor-widget-mobile__width-inherit elementor-invisible nuss-elementor-loading nuss-slide-in-right elementor-widget elementor-widget-image\" data-id=\"20872773\" data-element_type=\"widget\" data-e-type=\"widget\" data-settings=\"{&quot;_animation&quot;:&quot;nussSlideInRight&quot;}\" data-widget_type=\"image.default\">\n\t\t\t\t\t\t\t\t\t\t\t\t\t\t\t<img decoding=\"async\" width=\"1280\" height=\"853\" src=\"https:\/\/yinxitanghotel.com\/wp-content\/uploads\/2025\/09\/Yinxitang-Hotel-7.webp\" class=\"attachment-full size-full wp-image-6034\" alt=\"\" srcset=\"https:\/\/yinxitanghotel.com\/wp-content\/uploads\/2025\/09\/Yinxitang-Hotel-7.webp 1280w, https:\/\/yinxitanghotel.com\/wp-content\/uploads\/2025\/09\/Yinxitang-Hotel-7-300x200.webp 300w, https:\/\/yinxitanghotel.com\/wp-content\/uploads\/2025\/09\/Yinxitang-Hotel-7-1024x682.webp 1024w, https:\/\/yinxitanghotel.com\/wp-content\/uploads\/2025\/09\/Yinxitang-Hotel-7-768x512.webp 768w, https:\/\/yinxitanghotel.com\/wp-content\/uploads\/2025\/09\/Yinxitang-Hotel-7-18x12.webp 18w\" sizes=\"(max-width: 1280px) 100vw, 1280px\" \/>\t\t\t\t\t\t\t\t\t\t\t\t\t\t\t<\/div>\n\t\t\t\t\t<\/div>\n\t\t<\/div>\n\t\t\t\t<div class=\"elementor-column elementor-col-50 elementor-top-column elementor-element elementor-element-2dac103\" data-id=\"2dac103\" data-element_type=\"column\" data-e-type=\"column\">\n\t\t\t<div class=\"elementor-widget-wrap elementor-element-populated\">\n\t\t\t\t\t\t<div class=\"elementor-element elementor-element-6f1b8966 elementor-invisible elementor-widget elementor-widget-text-editor\" data-id=\"6f1b8966\" data-element_type=\"widget\" data-e-type=\"widget\" data-settings=\"{&quot;_animation&quot;:&quot;nussFadeInUp&quot;}\" data-widget_type=\"text-editor.default\">\n\t\t\t\t\t\t\t\t\t<p data-spm-anchor-id=\"a2ty_o01.29997173.0.i105.3ac7c921O44zAQ\">Id\u00e9alement situ\u00e9 entre le campus anim\u00e9 de <strong>Universit\u00e9 du Sichuan<\/strong> et le charme historique de <strong>Temple Wuhou<\/strong>L&#039;h\u00f4tel Yinxitang est id\u00e9al pour les \u00e9tudiants, les voyageurs d&#039;affaires, les nomades num\u00e9riques et les amateurs de culture. Que vous soyez ici pour explorer les c\u00e9l\u00e8bres salons de th\u00e9 de Chengdu, savourer une fondue \u00e9pic\u00e9e de renomm\u00e9e mondiale ou simplement \u00e9chapper au tumulte de la ville, nos chambres soigneusement am\u00e9nag\u00e9es offrent un havre de paix avec une literie haut de gamme, une climatisation intelligente, des fen\u00eatres insonoris\u00e9es et une d\u00e9coration d&#039;inspiration locale m\u00ealant bambou, lin et tons terreux discrets.<\/p><div class=\"my-2\">\u00a0<\/div><p>Les clients b\u00e9n\u00e9ficient d&#039;\u00e9quipements gratuits, notamment <strong>Stations de tisanes 24h\/24<\/strong>, <strong>Wi-Fi haut d\u00e9bit gratuit<\/strong>, <strong>services de conciergerie de voyage personnalis\u00e9s<\/strong> qui ouvrent des ruelles cach\u00e9es et des galeries d&#039;art locales, et <strong>rituels de bain de pieds du soir<\/strong> Infus\u00e9s d&#039;herbes chinoises traditionnelles, tous con\u00e7us pour vous apaiser. Notre caf\u00e9 sur place sert d&#039;authentiques petits-d\u00e9jeuners sichuanais\u00a0: nouilles faites \u00e0 la main, dan dan mian et petits pains vapeur, accompagn\u00e9s d&#039;un th\u00e9 au jasmin parfum\u00e9. Notre toit-terrasse offre une vue paisible sur la ville \u00e0 l&#039;heure dor\u00e9e.<\/p><div class=\"my-2\">\u00a0<\/div><p data-spm-anchor-id=\"a2ty_o01.29997173.0.i106.3ac7c921O44zAQ\">En tant qu&#039;h\u00f4tel le plus proche de <strong>Station de m\u00e9tro Xinnanmen<\/strong>Yinxitang offre un acc\u00e8s sans effort \u00e0 <strong>Gare de Chengdu (15 minutes)<\/strong>, <strong>A\u00e9roport international de Shuangliu (30 minutes en m\u00e9tro)<\/strong>, et des attractions de premier ordre comme <strong>Ancienne rue Jinli<\/strong>, <strong>Ruelle Kuanzhai<\/strong>, et <strong>Base de recherche de Chengdu sur l&#039;\u00e9levage du panda g\u00e9ant<\/strong>Avec son \u00e9l\u00e9gance discr\u00e8te, ses profondes racines locales et son accessibilit\u00e9 in\u00e9gal\u00e9e, <strong>L&#039;h\u00f4tel Yinxitang n&#039;est pas seulement un s\u00e9jour : c&#039;est une exp\u00e9rience immersive \u00e0 Chengdu, un moment de calme \u00e0 la fois.<\/strong><\/p>\t\t\t\t\t\t\t\t<\/div>\n\t\t\t\t\t<\/div>\n\t\t<\/div>\n\t\t\t\t\t<\/div>\n\t\t<\/section>\n\t\t\t\t<section class=\"elementor-section elementor-top-section elementor-element elementor-element-2092b7d0 elementor-section-stretched elementor-section-boxed elementor-section-gap-beside-yes elementor-section-height-default elementor-section-height-default elementor-section-column-vertical-align-stretch\" data-id=\"2092b7d0\" data-element_type=\"section\" data-e-type=\"section\" data-settings=\"{&quot;background_background&quot;:&quot;classic&quot;,&quot;stretch_section&quot;:&quot;section-stretched&quot;}\">\n\t\t\t\t\t\t<div class=\"elementor-container elementor-column-gap-extended\">\n\t\t\t\t\t<div class=\"elementor-column elementor-col-100 elementor-top-column elementor-element elementor-element-be69d75\" data-id=\"be69d75\" data-element_type=\"column\" data-e-type=\"column\">\n\t\t\t<div class=\"elementor-widget-wrap elementor-element-populated\">\n\t\t\t\t\t\t<div class=\"elementor-element elementor-element-320c022 elementor-widget elementor-widget-nuss-heading\" data-id=\"320c022\" data-element_type=\"widget\" data-e-type=\"widget\" data-widget_type=\"nuss-heading.default\">\n\t\t\t\t<div class=\"elementor-widget-container\">\n\t\t\t\t\t\t\t<div class=\"nuss-modern-heading\">\r\n\t\t\t\t\t\t<div class=\"heading-secondary-wrap\">\r\n\t\t\t\t<h3 class=\"heading-secondary elementor-heading-title\">Ch\u00e8que disponible <\/h3>\t\t\t<\/div>\r\n\t\t\r\n\t\t\t\r\n\t\t\t\r\n\t\t\t\t\t<\/div>\r\n\t\t\t\t\t<\/div>\n\t\t\t\t<\/div>\n\t\t\t\t<div class=\"elementor-element elementor-element-fe69a93 elementor-widget elementor-widget-text-editor\" data-id=\"fe69a93\" data-element_type=\"widget\" data-e-type=\"widget\" data-widget_type=\"text-editor.default\">\n\t\t\t\t\t\t\t\t\t<iframe border=\"0\" src=\"https:\/\/www.trip.com\/partners\/ad\/S5409112?Allianceid=4590391&#038;SID=259760691&#038;trip_sub1=\" style=\"width:1200px;height:200px\" frameborder=\"0\" scrolling=\"no\" id=\"S5409112\"><\/iframe>\t\t\t\t\t\t\t\t<\/div>\n\t\t\t\t\t<\/div>\n\t\t<\/div>\n\t\t\t\t\t<\/div>\n\t\t<\/section>\n\t\t\t\t<\/div>","protected":false},"excerpt":{"rendered":"<p>Book your stay today and discover why discerning travelers call Yinxitang their home away from home in the capital of Sichuan cuisine and calm. Nestled in the vibrant heart of Chengdu\u2019s Wuhou District at No. 8 Nantai Road, just a 3-minute walk from Xinnanmen Subway Station (Line 3), Yinxitang Hotel (Sichuan University Branch) redefines urban [&hellip;]<\/p>\n","protected":false},"author":1,"featured_media":0,"parent":0,"menu_order":0,"comment_status":"closed","ping_status":"closed","template":"","meta":{"footnotes":""},"class_list":["post-5266","page","type-page","status-publish","hentry","post-no-thumbnail"],"_links":{"self":[{"href":"https:\/\/yinxitanghotel.com\/fr\/wp-json\/wp\/v2\/pages\/5266","targetHints":{"allow":["GET"]}}],"collection":[{"href":"https:\/\/yinxitanghotel.com\/fr\/wp-json\/wp\/v2\/pages"}],"about":[{"href":"https:\/\/yinxitanghotel.com\/fr\/wp-json\/wp\/v2\/types\/page"}],"author":[{"embeddable":true,"href":"https:\/\/yinxitanghotel.com\/fr\/wp-json\/wp\/v2\/users\/1"}],"replies":[{"embeddable":true,"href":"https:\/\/yinxitanghotel.com\/fr\/wp-json\/wp\/v2\/comments?post=5266"}],"version-history":[{"count":0,"href":"https:\/\/yinxitanghotel.com\/fr\/wp-json\/wp\/v2\/pages\/5266\/revisions"}],"wp:attachment":[{"href":"https:\/\/yinxitanghotel.com\/fr\/wp-json\/wp\/v2\/media?parent=5266"}],"curies":[{"name":"wp","href":"https:\/\/api.w.org\/{rel}","templated":true}]}}