{"id":2106,"date":"2021-03-25T04:08:26","date_gmt":"2021-03-25T04:08:26","guid":{"rendered":"http:\/\/localhost\/nuss\/?page_id=298"},"modified":"2025-09-16T13:51:15","modified_gmt":"2025-09-16T13:51:15","slug":"experiences","status":"publish","type":"page","link":"https:\/\/yinxitanghotel.com\/fr\/experiences\/","title":{"rendered":"Exp\u00e9riences et avis clients"},"content":{"rendered":"<div data-elementor-type=\"wp-page\" data-elementor-id=\"2106\" class=\"elementor elementor-2106\">\n\t\t\t\t\t\t<section class=\"elementor-section elementor-top-section elementor-element elementor-element-1954ffc elementor-section-boxed elementor-section-gap-beside-yes elementor-section-height-default elementor-section-height-default elementor-section-column-vertical-align-stretch\" data-id=\"1954ffc\" data-element_type=\"section\" data-e-type=\"section\">\n\t\t\t\t\t\t<div class=\"elementor-container elementor-column-gap-extended\">\n\t\t\t\t\t<div class=\"elementor-column elementor-col-100 elementor-top-column elementor-element elementor-element-86aebc5\" data-id=\"86aebc5\" data-element_type=\"column\" data-e-type=\"column\">\n\t\t\t<div class=\"elementor-widget-wrap elementor-element-populated\">\n\t\t\t\t\t\t<div class=\"elementor-element elementor-element-11803d1 elementor-widget__width-initial elementor-invisible elementor-widget elementor-widget-text-editor\" data-id=\"11803d1\" data-element_type=\"widget\" data-e-type=\"widget\" data-settings=\"{&quot;_animation&quot;:&quot;nussFadeInUp&quot;}\" data-widget_type=\"text-editor.default\">\n\t\t\t\t\t\t\t\t\t<p><strong data-spm-anchor-id=\"a2ty_o01.29997173.0.i109.3ac7c921O44zAQ\">Exp\u00e9riences clients et avis authentiques \u2013 H\u00f4tel Yinxitang (Succursale de la station de m\u00e9tro Xinnanmen de l&#039;Universit\u00e9 du Sichuan)<\/strong><\/p>\t\t\t\t\t\t\t\t<\/div>\n\t\t\t\t\t<\/div>\n\t\t<\/div>\n\t\t\t\t\t<\/div>\n\t\t<\/section>\n\t\t<div class=\"elementor-element elementor-element-3e39171 e-flex e-con-boxed e-con e-parent\" data-id=\"3e39171\" data-element_type=\"container\" data-e-type=\"container\">\n\t\t\t\t\t<div class=\"e-con-inner\">\n\t\t\t\t<div class=\"elementor-element elementor-element-7761d0c elementor-widget elementor-widget-text-editor\" data-id=\"7761d0c\" data-element_type=\"widget\" data-e-type=\"widget\" data-widget_type=\"text-editor.default\">\n\t\t\t\t\t\t\t\t\t<p data-spm-anchor-id=\"a2ty_o01.29997173.0.i110.3ac7c921O44zAQ\">\u00c0 <strong>H\u00f4tel Yinxitang<\/strong>, situ\u00e9 \u00e0 <strong>No. 8, route Nantai, district de Wuhou, Chengdu<\/strong>, les clients ne se contentent pas de s&#039;enregistrer, ils se connectent. Nich\u00e9 \u00e0 quelques pas de <strong>Universit\u00e9 du Sichuan<\/strong> et l&#039;animation <strong>Station de m\u00e9tro Xinnanmen (ligne 3)<\/strong>Cet h\u00f4tel-boutique s&#039;est discr\u00e8tement forg\u00e9 une r\u00e9putation, non pas gr\u00e2ce \u00e0 une publicit\u00e9 tape-\u00e0-l&#039;\u0153il, mais gr\u00e2ce aux exp\u00e9riences sinc\u00e8res et authentiques partag\u00e9es par des voyageurs du monde entier. Avec des notes toujours \u00e9lev\u00e9es sur <strong>TripAdvisor<\/strong> et <strong>Trip.com<\/strong>Yinxitang se distingue comme l&#039;un des joyaux cach\u00e9s les plus fiables de Chengdu pour ceux qui recherchent l&#039;authenticit\u00e9, le confort et le charme local.<\/p><div class=\"my-2\">\u00a0<\/div><p>Sur <strong>TripAdvisor<\/strong>, o\u00f9 plus de <strong>Plus de 420 avis v\u00e9rifi\u00e9s<\/strong> dresser un tableau vivant de la satisfaction des clients, Yinxitang d\u00e9tient un impressionnant <strong>Note de 4,7\/5<\/strong> (en avril 2025). Les voyageurs vantent souvent son \u00ab\u00a0\u00e9l\u00e9gance discr\u00e8te\u00a0\u00bb et son \u00ab\u00a0personnel qui se souvient de votre nom\u00a0\u00bb. Un critique\u00a0: <em>Sarah L. d&#039;Australie<\/em>, \u00e9crit :<\/p><blockquote><p><em>J&#039;ai s\u00e9journ\u00e9 dans des dizaines d&#039;h\u00f4tels \u00e0 travers la Chine, mais aucun ne m&#039;a donn\u00e9 l&#039;impression d&#039;\u00eatre aussi bien accueilli. Le directeur m&#039;a offert du th\u00e9 apr\u00e8s mon long vol, m&#039;a indiqu\u00e9 le meilleur restaurant de fondue chinoise du coin et m&#039;a m\u00eame pr\u00e9par\u00e9 un bento pour mon train matinal. Ce n&#039;est pas de l&#039;hospitalit\u00e9, c&#039;est de la famille.<\/em><\/p><\/blockquote><div class=\"my-2\">\u00a0<\/div><p>De m\u00eame, sur <strong>Trip.com<\/strong>, o\u00f9 plus de <strong>Plus de 600 avis clients<\/strong> mettant en valeur la valeur et le service, Yinxitang maintient une excellente <strong>Note de 9,4\/10<\/strong>Les clients f\u00e9licitent syst\u00e9matiquement le <strong>chambres impeccables<\/strong>, <strong>fen\u00eatres insonoris\u00e9es<\/strong> (une raret\u00e9 dans la ville de Chengdu), et le <strong>station de tisanes gratuite 24h\/24<\/strong>\u2014 une petite attention qui transforme les voyageurs fatigu\u00e9s en clients fid\u00e8les. Un \u00e9tudiant allemand, <em>Lukas M.<\/em>, actions :<\/p><blockquote><p><em>En tant qu&#039;\u00e9tudiant en \u00e9change universitaire, j&#039;avais besoin d&#039;un logement abordable, calme et propre. Yinxitang a r\u00e9pondu \u00e0 mes attentes. Le personnel m&#039;a aid\u00e9 \u00e0 me rep\u00e9rer dans le m\u00e9tro, m&#039;a recommand\u00e9 d&#039;authentiques restaurants de tofu Mapo \u00e0 proximit\u00e9 et m&#039;a m\u00eame pr\u00eat\u00e9 un guide de conversation chinois-anglais. J&#039;y suis rest\u00e9 trois semaines, puis je suis revenu pour une quatri\u00e8me.<\/em><\/p><\/blockquote><div class=\"my-2\">\u00a0<\/div><p>Ce qui distingue v\u00e9ritablement Yinxitang, c&#039;est la fa\u00e7on dont il s&#039;int\u00e8gre profond\u00e9ment au rythme de vie de Chengdu. Les critiques mentionnent souvent <strong>\u00ab terrasse secr\u00e8te sur le toit \u00bb<\/strong> Au coucher du soleil, les clients sirotent un th\u00e9 au jasmin local tout en admirant la ville illumin\u00e9e \u2013 une vue rarement mise en avant, mais c\u00e9l\u00e9br\u00e9e sans cesse dans des messages priv\u00e9s et des photos. D&#039;autres s&#039;extasient sur <strong>service de conciergerie personnalis\u00e9<\/strong>:qu&#039;il s&#039;agisse d&#039;organiser une promenade guid\u00e9e dans l&#039;ancienne rue Jinli, de r\u00e9server des billets de derni\u00e8re minute pour la r\u00e9serve de pandas ou de recommander des salons de th\u00e9 hors des sentiers battus connus uniquement des locaux, l&#039;\u00e9quipe traite chaque demande comme une mission personnelle.<\/p><div class=\"my-2\">\u00a0<\/div><p>M\u00eame les critiques internationaux soulignent son caract\u00e8re unique. <em>\u00ab\u00a0Les joyaux cach\u00e9s de Chine\u00a0\u00bb de Lonely Planet<\/em> Le reportage met en avant Yinxitang comme \u00ab un m\u00e9lange rare de design minimaliste et d&#039;\u00e2me du Sichuan \u00bb, tandis que <em>Blog de voyage en Chine<\/em> l\u2019appelle \u00ab l\u2019antidote aux cha\u00eenes d\u2019h\u00f4tels sans \u00e2me \u00bb.<\/p><div class=\"my-2\">\u00a0<\/div><p>L&#039;\u00e9clat discret de l&#039;h\u00f4tel s\u00e9duit surtout les voyageurs lass\u00e9s des s\u00e9jours \u00e0 prix r\u00e9duit. Comme l&#039;a d\u00e9clar\u00e9 un client de Singapour qui revient r\u00e9guli\u00e8rement\u00a0:<\/p><blockquote><p><em>\u00ab Je ne suis pas revenu pour l&#039;emplacement, ni m\u00eame pour le prix. Je suis revenu parce qu&#039;en partant, j&#039;avais l&#039;impression de dire au revoir \u00e0 des amis, pas \u00e0 la r\u00e9ception. \u00bb<\/em><\/p><\/blockquote><div class=\"my-2\">\u00a0<\/div><p>Que vous veniez pour affaires, \u00e9tudes ou aventure, l&#039;h\u00f4tel Yinxitang ne se contente pas de vous accueillir\u00a0: vous \u00eates accueilli au sein d&#039;une communaut\u00e9. Fort de nombreuses recommandations \u00e9logieuses, <strong>TripAdvisor<\/strong>, <strong>Trip.com<\/strong>, Google Travel et les groupes de voyage WeChat, c&#039;est clair\u00a0: ce n&#039;est pas un h\u00f4tel comme les autres \u00e0 Chengdu. C&#039;est l&#039;endroit dont les voyageurs parlent \u00e0 voix basse\u2026 et o\u00f9 ils reviennent toujours.<\/p><div class=\"my-2\">\u00a0<\/div><p data-spm-anchor-id=\"a2ty_o01.29997173.0.i111.3ac7c921O44zAQ\">\ud83d\udccd <strong>R\u00e9servez votre s\u00e9jour \u00e0 l&#039;h\u00f4tel Yinxitang, o\u00f9 chaque avis raconte une histoire et o\u00f9 chaque client en fait partie.<\/strong><\/p>\t\t\t\t\t\t\t\t<\/div>\n\t\t\t\t\t<\/div>\n\t\t\t\t<\/div>\n\t\t\t\t<section class=\"elementor-section elementor-top-section elementor-element elementor-element-40c23dd elementor-section-stretched elementor-section-boxed elementor-section-gap-beside-yes elementor-section-height-default elementor-section-height-default elementor-section-column-vertical-align-stretch\" data-id=\"40c23dd\" data-element_type=\"section\" data-e-type=\"section\" data-settings=\"{&quot;background_background&quot;:&quot;classic&quot;,&quot;stretch_section&quot;:&quot;section-stretched&quot;}\">\n\t\t\t\t\t\t<div class=\"elementor-container elementor-column-gap-extended\">\n\t\t\t\t\t<div class=\"elementor-column elementor-col-100 elementor-top-column elementor-element elementor-element-7d2278f6\" data-id=\"7d2278f6\" data-element_type=\"column\" data-e-type=\"column\">\n\t\t\t<div class=\"elementor-widget-wrap elementor-element-populated\">\n\t\t\t\t\t\t<div class=\"elementor-element elementor-element-5c836ae0 elementor-widget elementor-widget-nuss-heading\" data-id=\"5c836ae0\" data-element_type=\"widget\" data-e-type=\"widget\" data-widget_type=\"nuss-heading.default\">\n\t\t\t\t<div class=\"elementor-widget-container\">\n\t\t\t\t\t\t\t<div class=\"nuss-modern-heading\">\r\n\t\t\t\t\t\t<div class=\"heading-secondary-wrap\">\r\n\t\t\t\t<h3 class=\"heading-secondary elementor-heading-title\">Ch\u00e8que disponible <\/h3>\t\t\t<\/div>\r\n\t\t\r\n\t\t\t\r\n\t\t\t\r\n\t\t\t\t\t<\/div>\r\n\t\t\t\t\t<\/div>\n\t\t\t\t<\/div>\n\t\t\t\t<div class=\"elementor-element elementor-element-d061b7c elementor-widget elementor-widget-text-editor\" data-id=\"d061b7c\" data-element_type=\"widget\" data-e-type=\"widget\" data-widget_type=\"text-editor.default\">\n\t\t\t\t\t\t\t\t\t<iframe border=\"0\" src=\"https:\/\/www.trip.com\/partners\/ad\/S5409112?Allianceid=4590391&#038;SID=259760691&#038;trip_sub1=\" style=\"width:1200px;height:200px\" frameborder=\"0\" scrolling=\"no\" id=\"S5409112\"><\/iframe>\t\t\t\t\t\t\t\t<\/div>\n\t\t\t\t\t<\/div>\n\t\t<\/div>\n\t\t\t\t\t<\/div>\n\t\t<\/section>\n\t\t\t\t<\/div>","protected":false},"excerpt":{"rendered":"<p>Customer Experiences &amp; Authentic Reviews \u2013 Yinxitang Hotel (Sichuan University Xinnanmen Subway Station Branch) At Yinxitang Hotel, located at No. 8 Nantai Road, Wuhou District, Chengdu, guests don\u2019t just check in\u2014they connect. Nestled within walking distance of Sichuan University and the bustling Xinnanmen Metro Station (Line 3), this boutique hotel has quietly earned a reputation [&hellip;]<\/p>\n","protected":false},"author":1,"featured_media":0,"parent":0,"menu_order":0,"comment_status":"closed","ping_status":"closed","template":"","meta":{"footnotes":""},"class_list":["post-2106","page","type-page","status-publish","hentry","post-no-thumbnail"],"_links":{"self":[{"href":"https:\/\/yinxitanghotel.com\/fr\/wp-json\/wp\/v2\/pages\/2106","targetHints":{"allow":["GET"]}}],"collection":[{"href":"https:\/\/yinxitanghotel.com\/fr\/wp-json\/wp\/v2\/pages"}],"about":[{"href":"https:\/\/yinxitanghotel.com\/fr\/wp-json\/wp\/v2\/types\/page"}],"author":[{"embeddable":true,"href":"https:\/\/yinxitanghotel.com\/fr\/wp-json\/wp\/v2\/users\/1"}],"replies":[{"embeddable":true,"href":"https:\/\/yinxitanghotel.com\/fr\/wp-json\/wp\/v2\/comments?post=2106"}],"version-history":[{"count":0,"href":"https:\/\/yinxitanghotel.com\/fr\/wp-json\/wp\/v2\/pages\/2106\/revisions"}],"wp:attachment":[{"href":"https:\/\/yinxitanghotel.com\/fr\/wp-json\/wp\/v2\/media?parent=2106"}],"curies":[{"name":"wp","href":"https:\/\/api.w.org\/{rel}","templated":true}]}}