{"id":5266,"date":"2021-07-18T08:03:35","date_gmt":"2021-07-18T08:03:35","guid":{"rendered":"https:\/\/nuss.uxper.co\/luxury-resort\/?page_id=5266"},"modified":"2025-09-16T13:41:21","modified_gmt":"2025-09-16T13:41:21","slug":"sobre-nosotros","status":"publish","type":"page","link":"https:\/\/yinxitanghotel.com\/es\/sobre-nosotros\/","title":{"rendered":"Sobre nosotros"},"content":{"rendered":"<div data-elementor-type=\"wp-page\" data-elementor-id=\"5266\" class=\"elementor elementor-5266\">\n\t\t\t\t\t\t<section class=\"elementor-section elementor-top-section elementor-element elementor-element-10416953 elementor-section-boxed elementor-section-gap-beside-yes elementor-section-height-default elementor-section-height-default elementor-section-column-vertical-align-stretch\" data-id=\"10416953\" data-element_type=\"section\" data-e-type=\"section\">\n\t\t\t\t\t\t<div class=\"elementor-container elementor-column-gap-extended\">\n\t\t\t\t\t<div class=\"elementor-column elementor-col-100 elementor-top-column elementor-element elementor-element-29c6aa8\" data-id=\"29c6aa8\" data-element_type=\"column\" data-e-type=\"column\">\n\t\t\t<div class=\"elementor-widget-wrap elementor-element-populated\">\n\t\t\t\t\t\t<div class=\"elementor-element elementor-element-7be18fe7 elementor-widget__width-initial elementor-invisible elementor-widget elementor-widget-text-editor\" data-id=\"7be18fe7\" data-element_type=\"widget\" data-e-type=\"widget\" data-settings=\"{&quot;_animation&quot;:&quot;nussFadeInUp&quot;}\" data-widget_type=\"text-editor.default\">\n\t\t\t\t\t\t\t\t\t<p><em data-spm-anchor-id=\"a2ty_o01.29997173.0.i104.3ac7c921O44zAQ\">Reserve su estad\u00eda hoy y descubra por qu\u00e9 los viajeros m\u00e1s exigentes consideran a Yinxitang su hogar lejos del hogar en la capital de la gastronom\u00eda y la tranquilidad de Sichuan.<\/em><\/p>\t\t\t\t\t\t\t\t<\/div>\n\t\t\t\t\t<\/div>\n\t\t<\/div>\n\t\t\t\t\t<\/div>\n\t\t<\/section>\n\t\t\t\t<section class=\"elementor-section elementor-top-section elementor-element elementor-element-7d18327f elementor-section-boxed elementor-section-gap-beside-yes elementor-section-height-default elementor-section-height-default elementor-section-column-vertical-align-stretch\" data-id=\"7d18327f\" data-element_type=\"section\" data-e-type=\"section\">\n\t\t\t\t\t\t<div class=\"elementor-container elementor-column-gap-extended\">\n\t\t\t\t\t<div class=\"elementor-column elementor-col-50 elementor-top-column elementor-element elementor-element-56533670\" data-id=\"56533670\" data-element_type=\"column\" data-e-type=\"column\">\n\t\t\t<div class=\"elementor-widget-wrap elementor-element-populated\">\n\t\t\t\t\t\t<div class=\"elementor-element elementor-element-19c3f543 elementor-invisible elementor-widget elementor-widget-text-editor\" data-id=\"19c3f543\" data-element_type=\"widget\" data-e-type=\"widget\" data-settings=\"{&quot;_animation&quot;:&quot;nussFadeInUp&quot;}\" data-widget_type=\"text-editor.default\">\n\t\t\t\t\t\t\t\t\t<p>Ubicado en el vibrante coraz\u00f3n del distrito Wuhou de Chengdu en <strong>Carretera Nantai n\u00famero 8<\/strong>, solo un <strong>A 3 minutos a pie de la estaci\u00f3n de metro Xinnanmen (l\u00ednea 3)<\/strong>, <strong>Hotel Yinxitang (Sucursal de la Universidad de Sichuan)<\/strong> Redefine la tranquilidad urbana para los viajeros modernos que buscan autenticidad, comodidad y riqueza cultural. Dise\u00f1ado como un refugio sereno enclavado en la energ\u00eda de una de las ciudades m\u00e1s queridas de China, este hotel boutique combina a la perfecci\u00f3n la comodidad contempor\u00e1nea con la sutil herencia de Sichuan, ofreciendo m\u00e1s que un simple lugar para dormir, una puerta de entrada al alma de Chengdu.<\/p>\t\t\t\t\t\t\t\t<\/div>\n\t\t\t\t\t<\/div>\n\t\t<\/div>\n\t\t\t\t<div class=\"elementor-column elementor-col-50 elementor-top-column elementor-element elementor-element-30f14127\" data-id=\"30f14127\" data-element_type=\"column\" data-e-type=\"column\">\n\t\t\t<div class=\"elementor-widget-wrap elementor-element-populated\">\n\t\t\t\t\t\t<div class=\"elementor-element elementor-element-59aea08 elementor-widget elementor-widget-image\" data-id=\"59aea08\" data-element_type=\"widget\" data-e-type=\"widget\" data-widget_type=\"image.default\">\n\t\t\t\t\t\t\t\t\t\t\t\t\t\t\t<img fetchpriority=\"high\" decoding=\"async\" width=\"556\" height=\"853\" src=\"https:\/\/yinxitanghotel.com\/wp-content\/uploads\/2025\/09\/Yinxitang-Hotel-9.webp\" class=\"attachment-large size-large wp-image-6036\" alt=\"\" srcset=\"https:\/\/yinxitanghotel.com\/wp-content\/uploads\/2025\/09\/Yinxitang-Hotel-9.webp 556w, https:\/\/yinxitanghotel.com\/wp-content\/uploads\/2025\/09\/Yinxitang-Hotel-9-196x300.webp 196w, https:\/\/yinxitanghotel.com\/wp-content\/uploads\/2025\/09\/Yinxitang-Hotel-9-8x12.webp 8w\" sizes=\"(max-width: 556px) 100vw, 556px\" \/>\t\t\t\t\t\t\t\t\t\t\t\t\t\t\t<\/div>\n\t\t\t\t\t<\/div>\n\t\t<\/div>\n\t\t\t\t\t<\/div>\n\t\t<\/section>\n\t\t\t\t<section class=\"elementor-section elementor-top-section elementor-element elementor-element-29fb8578 elementor-section-height-min-height elementor-section-stretched elementor-section-full_width elementor-section-items-stretch elementor-section-height-default elementor-section-column-vertical-align-stretch\" data-id=\"29fb8578\" data-element_type=\"section\" data-e-type=\"section\" data-settings=\"{&quot;stretch_section&quot;:&quot;section-stretched&quot;}\">\n\t\t\t\t\t\t<div class=\"elementor-container elementor-column-gap-no\">\n\t\t\t\t\t<div class=\"elementor-column elementor-col-50 elementor-top-column elementor-element elementor-element-40ac270b\" data-id=\"40ac270b\" data-element_type=\"column\" data-e-type=\"column\">\n\t\t\t<div class=\"elementor-widget-wrap elementor-element-populated\">\n\t\t\t\t\t\t<div class=\"elementor-element elementor-element-20872773 elementor-widget__width-initial elementor-widget-mobile__width-inherit elementor-invisible nuss-elementor-loading nuss-slide-in-right elementor-widget elementor-widget-image\" data-id=\"20872773\" data-element_type=\"widget\" data-e-type=\"widget\" data-settings=\"{&quot;_animation&quot;:&quot;nussSlideInRight&quot;}\" data-widget_type=\"image.default\">\n\t\t\t\t\t\t\t\t\t\t\t\t\t\t\t<img decoding=\"async\" width=\"1280\" height=\"853\" src=\"https:\/\/yinxitanghotel.com\/wp-content\/uploads\/2025\/09\/Yinxitang-Hotel-7.webp\" class=\"attachment-full size-full wp-image-6034\" alt=\"\" srcset=\"https:\/\/yinxitanghotel.com\/wp-content\/uploads\/2025\/09\/Yinxitang-Hotel-7.webp 1280w, https:\/\/yinxitanghotel.com\/wp-content\/uploads\/2025\/09\/Yinxitang-Hotel-7-300x200.webp 300w, https:\/\/yinxitanghotel.com\/wp-content\/uploads\/2025\/09\/Yinxitang-Hotel-7-1024x682.webp 1024w, https:\/\/yinxitanghotel.com\/wp-content\/uploads\/2025\/09\/Yinxitang-Hotel-7-768x512.webp 768w, https:\/\/yinxitanghotel.com\/wp-content\/uploads\/2025\/09\/Yinxitang-Hotel-7-18x12.webp 18w\" sizes=\"(max-width: 1280px) 100vw, 1280px\" \/>\t\t\t\t\t\t\t\t\t\t\t\t\t\t\t<\/div>\n\t\t\t\t\t<\/div>\n\t\t<\/div>\n\t\t\t\t<div class=\"elementor-column elementor-col-50 elementor-top-column elementor-element elementor-element-2dac103\" data-id=\"2dac103\" data-element_type=\"column\" data-e-type=\"column\">\n\t\t\t<div class=\"elementor-widget-wrap elementor-element-populated\">\n\t\t\t\t\t\t<div class=\"elementor-element elementor-element-6f1b8966 elementor-invisible elementor-widget elementor-widget-text-editor\" data-id=\"6f1b8966\" data-element_type=\"widget\" data-e-type=\"widget\" data-settings=\"{&quot;_animation&quot;:&quot;nussFadeInUp&quot;}\" data-widget_type=\"text-editor.default\">\n\t\t\t\t\t\t\t\t\t<p data-spm-anchor-id=\"a2ty_o01.29997173.0.i105.3ac7c921O44zAQ\">Perfectamente ubicado entre el bullicioso campus de <strong>Universidad de Sichuan<\/strong> y el encanto hist\u00f3rico de <strong>Templo Wuhou<\/strong>El Hotel Yinxitang es ideal para estudiantes, viajeros de negocios, n\u00f3madas digitales y amantes de la cultura. Ya sea que est\u00e9 aqu\u00ed para explorar las famosas casas de t\u00e9 de Chengdu, disfrutar de un estofado picante de fama mundial o simplemente escapar del bullicio de la ciudad, nuestras habitaciones, cuidadosamente seleccionadas, ofrecen un refugio tranquilo con ropa de cama de primera calidad, climatizaci\u00f3n inteligente, ventanas insonorizadas y una decoraci\u00f3n de inspiraci\u00f3n local con bamb\u00fa, lino y tonos tierra suaves.<\/p><div class=\"my-2\">\u00a0<\/div><p>Los hu\u00e9spedes disfrutan de comodidades gratuitas que incluyen: <strong>Estaciones de t\u00e9 de hierbas abiertas las 24 horas<\/strong>, <strong>Wi-Fi de alta velocidad gratuito<\/strong>, <strong>servicios de conserjer\u00eda de viajes personalizados<\/strong> que abren restaurantes escondidos en callejones y galer\u00edas de arte locales, y <strong>rituales de remojo de pies por la noche<\/strong> Infusionados con hierbas tradicionales chinas, todos dise\u00f1ados para relajarte durante tu viaje. Nuestra cafeter\u00eda sirve aut\u00e9nticos desayunos de Sichuan: fideos hechos a mano, dan dan mian y bollos al vapor con arom\u00e1tico t\u00e9 de jazm\u00edn. Nuestra terraza en la azotea ofrece tranquilas vistas del horizonte de la ciudad durante la hora dorada.<\/p><div class=\"my-2\">\u00a0<\/div><p data-spm-anchor-id=\"a2ty_o01.29997173.0.i106.3ac7c921O44zAQ\">Como el hotel m\u00e1s cercano a <strong>Estaci\u00f3n de metro de Xinnanmen<\/strong>Yinxitang proporciona un acceso sin esfuerzo a <strong>Estaci\u00f3n de tren de Chengdu (15 minutos)<\/strong>, <strong>Aeropuerto Internacional de Shuangliu (30 minutos en metro)<\/strong>, y las principales atracciones como <strong>Calle antigua de Jinli<\/strong>, <strong>Callej\u00f3n Kuanzhai<\/strong>, y <strong>Base de investigaci\u00f3n de cr\u00eda de pandas gigantes de Chengdu<\/strong>Con su elegancia discreta, profundas ra\u00edces locales y accesibilidad inigualable, <strong>El Yinxitang Hotel no es solo una estad\u00eda: es una experiencia inmersiva en Chengdu, un momento de tranquilidad a la vez.<\/strong><\/p>\t\t\t\t\t\t\t\t<\/div>\n\t\t\t\t\t<\/div>\n\t\t<\/div>\n\t\t\t\t\t<\/div>\n\t\t<\/section>\n\t\t\t\t<section class=\"elementor-section elementor-top-section elementor-element elementor-element-2092b7d0 elementor-section-stretched elementor-section-boxed elementor-section-gap-beside-yes elementor-section-height-default elementor-section-height-default elementor-section-column-vertical-align-stretch\" data-id=\"2092b7d0\" data-element_type=\"section\" data-e-type=\"section\" data-settings=\"{&quot;background_background&quot;:&quot;classic&quot;,&quot;stretch_section&quot;:&quot;section-stretched&quot;}\">\n\t\t\t\t\t\t<div class=\"elementor-container elementor-column-gap-extended\">\n\t\t\t\t\t<div class=\"elementor-column elementor-col-100 elementor-top-column elementor-element elementor-element-be69d75\" data-id=\"be69d75\" data-element_type=\"column\" data-e-type=\"column\">\n\t\t\t<div class=\"elementor-widget-wrap elementor-element-populated\">\n\t\t\t\t\t\t<div class=\"elementor-element elementor-element-320c022 elementor-widget elementor-widget-nuss-heading\" data-id=\"320c022\" data-element_type=\"widget\" data-e-type=\"widget\" data-widget_type=\"nuss-heading.default\">\n\t\t\t\t<div class=\"elementor-widget-container\">\n\t\t\t\t\t\t\t<div class=\"nuss-modern-heading\">\r\n\t\t\t\t\t\t<div class=\"heading-secondary-wrap\">\r\n\t\t\t\t<h3 class=\"heading-secondary elementor-heading-title\">Consultar disponibilidad <\/h3>\t\t\t<\/div>\r\n\t\t\r\n\t\t\t\r\n\t\t\t\r\n\t\t\t\t\t<\/div>\r\n\t\t\t\t\t<\/div>\n\t\t\t\t<\/div>\n\t\t\t\t<div class=\"elementor-element elementor-element-fe69a93 elementor-widget elementor-widget-text-editor\" data-id=\"fe69a93\" data-element_type=\"widget\" data-e-type=\"widget\" data-widget_type=\"text-editor.default\">\n\t\t\t\t\t\t\t\t\t<iframe border=\"0\" src=\"https:\/\/www.trip.com\/partners\/ad\/S5409112?Allianceid=4590391&#038;SID=259760691&#038;trip_sub1=\" style=\"width:1200px;height:200px\" frameborder=\"0\" scrolling=\"no\" id=\"S5409112\"><\/iframe>\t\t\t\t\t\t\t\t<\/div>\n\t\t\t\t\t<\/div>\n\t\t<\/div>\n\t\t\t\t\t<\/div>\n\t\t<\/section>\n\t\t\t\t<\/div>","protected":false},"excerpt":{"rendered":"<p>Book your stay today and discover why discerning travelers call Yinxitang their home away from home in the capital of Sichuan cuisine and calm. Nestled in the vibrant heart of Chengdu\u2019s Wuhou District at No. 8 Nantai Road, just a 3-minute walk from Xinnanmen Subway Station (Line 3), Yinxitang Hotel (Sichuan University Branch) redefines urban [&hellip;]<\/p>\n","protected":false},"author":1,"featured_media":0,"parent":0,"menu_order":0,"comment_status":"closed","ping_status":"closed","template":"","meta":{"footnotes":""},"class_list":["post-5266","page","type-page","status-publish","hentry","post-no-thumbnail"],"_links":{"self":[{"href":"https:\/\/yinxitanghotel.com\/es\/wp-json\/wp\/v2\/pages\/5266","targetHints":{"allow":["GET"]}}],"collection":[{"href":"https:\/\/yinxitanghotel.com\/es\/wp-json\/wp\/v2\/pages"}],"about":[{"href":"https:\/\/yinxitanghotel.com\/es\/wp-json\/wp\/v2\/types\/page"}],"author":[{"embeddable":true,"href":"https:\/\/yinxitanghotel.com\/es\/wp-json\/wp\/v2\/users\/1"}],"replies":[{"embeddable":true,"href":"https:\/\/yinxitanghotel.com\/es\/wp-json\/wp\/v2\/comments?post=5266"}],"version-history":[{"count":0,"href":"https:\/\/yinxitanghotel.com\/es\/wp-json\/wp\/v2\/pages\/5266\/revisions"}],"wp:attachment":[{"href":"https:\/\/yinxitanghotel.com\/es\/wp-json\/wp\/v2\/media?parent=5266"}],"curies":[{"name":"wp","href":"https:\/\/api.w.org\/{rel}","templated":true}]}}