{"id":2106,"date":"2021-03-25T04:08:26","date_gmt":"2021-03-25T04:08:26","guid":{"rendered":"http:\/\/localhost\/nuss\/?page_id=298"},"modified":"2025-09-16T13:51:15","modified_gmt":"2025-09-16T13:51:15","slug":"experiencias","status":"publish","type":"page","link":"https:\/\/yinxitanghotel.com\/es\/experiencias\/","title":{"rendered":"Experiencias y rese\u00f1as de clientes"},"content":{"rendered":"<div data-elementor-type=\"wp-page\" data-elementor-id=\"2106\" class=\"elementor elementor-2106\">\n\t\t\t\t\t\t<section class=\"elementor-section elementor-top-section elementor-element elementor-element-1954ffc elementor-section-boxed elementor-section-gap-beside-yes elementor-section-height-default elementor-section-height-default elementor-section-column-vertical-align-stretch\" data-id=\"1954ffc\" data-element_type=\"section\" data-e-type=\"section\">\n\t\t\t\t\t\t<div class=\"elementor-container elementor-column-gap-extended\">\n\t\t\t\t\t<div class=\"elementor-column elementor-col-100 elementor-top-column elementor-element elementor-element-86aebc5\" data-id=\"86aebc5\" data-element_type=\"column\" data-e-type=\"column\">\n\t\t\t<div class=\"elementor-widget-wrap elementor-element-populated\">\n\t\t\t\t\t\t<div class=\"elementor-element elementor-element-11803d1 elementor-widget__width-initial elementor-invisible elementor-widget elementor-widget-text-editor\" data-id=\"11803d1\" data-element_type=\"widget\" data-e-type=\"widget\" data-settings=\"{&quot;_animation&quot;:&quot;nussFadeInUp&quot;}\" data-widget_type=\"text-editor.default\">\n\t\t\t\t\t\t\t\t\t<p><strong data-spm-anchor-id=\"a2ty_o01.29997173.0.i109.3ac7c921O44zAQ\">Experiencias de clientes y opiniones aut\u00e9nticas \u2013 Hotel Yinxitang (Estaci\u00f3n de metro Xinnanmen de la Universidad de Sichuan)<\/strong><\/p>\t\t\t\t\t\t\t\t<\/div>\n\t\t\t\t\t<\/div>\n\t\t<\/div>\n\t\t\t\t\t<\/div>\n\t\t<\/section>\n\t\t<div class=\"elementor-element elementor-element-3e39171 e-flex e-con-boxed e-con e-parent\" data-id=\"3e39171\" data-element_type=\"container\" data-e-type=\"container\">\n\t\t\t\t\t<div class=\"e-con-inner\">\n\t\t\t\t<div class=\"elementor-element elementor-element-7761d0c elementor-widget elementor-widget-text-editor\" data-id=\"7761d0c\" data-element_type=\"widget\" data-e-type=\"widget\" data-widget_type=\"text-editor.default\">\n\t\t\t\t\t\t\t\t\t<p data-spm-anchor-id=\"a2ty_o01.29997173.0.i110.3ac7c921O44zAQ\">En <strong>Hotel Yinxitang<\/strong>, ubicado en <strong>No. 8 Nantai Road, distrito de Wuhou, Chengdu<\/strong>Los hu\u00e9spedes no solo se registran, sino que tambi\u00e9n se conectan. Ubicado a poca distancia de <strong>Universidad de Sichuan<\/strong> y el bullicio <strong>Estaci\u00f3n de metro Xinnanmen (l\u00ednea 3)<\/strong>Este hotel boutique se ha ganado discretamente una reputaci\u00f3n, no gracias a una publicidad llamativa, sino a las experiencias sinceras y genuinas que comparten viajeros de todo el mundo. Con calificaciones consistentemente altas en <strong>TripAdvisor<\/strong> y <strong>Trip.com<\/strong>Yinxitang se destaca como una de las joyas ocultas m\u00e1s confiables de Chengdu para quienes buscan autenticidad, comodidad y encanto local.<\/p><div class=\"my-2\">\u00a0<\/div><p>En <strong>TripAdvisor<\/strong>, donde m\u00e1s de <strong>M\u00e1s de 420 rese\u00f1as verificadas<\/strong> pinta una imagen v\u00edvida de la satisfacci\u00f3n del hu\u00e9sped, Yinxitang tiene una impresionante <strong>Calificaci\u00f3n de 4.7\/5<\/strong> (a partir de abril de 2025). Los viajeros elogian con frecuencia su &quot;elegancia discreta&quot; y su &quot;personal que recuerda tu nombre&quot;. Un cr\u00edtico, <em>Sarah L. de Australia<\/em>, escribe:<\/p><blockquote><p><em>Me he alojado en docenas de hoteles por toda China, pero en ninguno me sent\u00ed tan bien atendido. El gerente me recibi\u00f3 con un t\u00e9 despu\u00e9s de mi largo vuelo, me mostr\u00f3 el mejor restaurante de hot pot de la calle e incluso me prepar\u00f3 un bento para desayunar en mi primer tren. Esto no es hospitalidad, es familia.<\/em><\/p><\/blockquote><div class=\"my-2\">\u00a0<\/div><p>De manera similar, en <strong>Trip.com<\/strong>, donde m\u00e1s de <strong>M\u00e1s de 600 opiniones de hu\u00e9spedes<\/strong> Resaltar el valor y el servicio, Yinxitang mantiene un estelar <strong>Puntuaci\u00f3n de 9,4\/10<\/strong>Los hu\u00e9spedes elogian constantemente el <strong>habitaciones impecables<\/strong>, <strong>ventanas insonorizadas<\/strong> (una rareza en la zona urbana de Chengdu), y el <strong>Estaci\u00f3n de t\u00e9 de hierbas gratuita las 24 horas<\/strong>\u2014un peque\u00f1o detalle que convierte a viajeros cansados en hu\u00e9spedes fieles. Un estudiante de Alemania, <em>Lucas M.<\/em>, acciones:<\/p><blockquote><p><em>Como estudiante de intercambio universitario, necesitaba un alojamiento asequible, tranquilo y limpio. Yinxitang super\u00f3 mis expectativas. El personal me ayud\u00f3 a orientarme en el metro, me recomend\u00f3 aut\u00e9nticos restaurantes de Mapo Tofu en la zona e incluso me prest\u00f3 un libro de frases chino-ingl\u00e9s. Me qued\u00e9 tres semanas y volv\u00ed para una cuarta.<\/em><\/p><\/blockquote><div class=\"my-2\">\u00a0<\/div><p>Lo que realmente distingue a Yinxitang es su profunda integraci\u00f3n en el ritmo de vida de Chengdu. Los cr\u00edticos suelen mencionar... <strong>\u201cterraza secreta en la azotea\u201d<\/strong> Al atardecer, los hu\u00e9spedes disfrutan de t\u00e9 de jazm\u00edn local mientras contemplan el resplandor de la ciudad: una vista que rara vez se publicita, pero que se celebra sin cesar en mensajes privados y fotos. Otros elogian la <strong>servicio de conserjer\u00eda personalizado<\/strong>Ya sea organizar una caminata guiada por la antigua calle Jinli, reservar boletos de \u00faltimo momento para la reserva de pandas o recomendar casas de t\u00e9 apartadas que solo conocen los lugare\u00f1os, el equipo trata cada solicitud como una misi\u00f3n personal.<\/p><div class=\"my-2\">\u00a0<\/div><p>Incluso los cr\u00edticos internacionales destacan su singularidad. <em>\u201cJoyas ocultas de China\u201d de Lonely Planet<\/em> El art\u00edculo destaca a Yinxitang como &quot;una rara mezcla de dise\u00f1o minimalista y alma de Sichuan&quot;, mientras que <em>Blog de viajes a China<\/em> Lo llama \u201cel ant\u00eddoto para las cadenas hoteleras sin alma\u201d.<\/p><div class=\"my-2\">\u00a0<\/div><p>La discreta brillantez del hotel atrae especialmente a los viajeros cansados de las estancias transaccionales. Como lo expres\u00f3 un hu\u00e9sped que regresaba de Singapur:<\/p><blockquote><p><em>No volv\u00ed por la ubicaci\u00f3n, ni siquiera por el precio. Volv\u00ed porque, al irme, sent\u00ed que me desped\u00eda de amigos, no de recepcionistas.<\/em><\/p><\/blockquote><div class=\"my-2\">\u00a0<\/div><p>Ya sea que llegue por negocios, estudios o aventura, el Hotel Yinxitang no solo le acoge, sino que le da la bienvenida a una comunidad. Con excelentes recomendaciones en todo el mundo. <strong>TripAdvisor<\/strong>, <strong>Trip.com<\/strong>, Google Travel y los grupos de viajes de WeChat, lo tienen claro: este no es un hotel cualquiera en Chengdu. Es el lugar del que hablan los viajeros... y al que siempre regresan.<\/p><div class=\"my-2\">\u00a0<\/div><p data-spm-anchor-id=\"a2ty_o01.29997173.0.i111.3ac7c921O44zAQ\">\ud83d\udccd <strong>Reserve su estad\u00eda en el Yinxitang Hotel, donde cada rese\u00f1a cuenta una historia y cada hu\u00e9sped se convierte en parte de ella.<\/strong><\/p>\t\t\t\t\t\t\t\t<\/div>\n\t\t\t\t\t<\/div>\n\t\t\t\t<\/div>\n\t\t\t\t<section class=\"elementor-section elementor-top-section elementor-element elementor-element-40c23dd elementor-section-stretched elementor-section-boxed elementor-section-gap-beside-yes elementor-section-height-default elementor-section-height-default elementor-section-column-vertical-align-stretch\" data-id=\"40c23dd\" data-element_type=\"section\" data-e-type=\"section\" data-settings=\"{&quot;background_background&quot;:&quot;classic&quot;,&quot;stretch_section&quot;:&quot;section-stretched&quot;}\">\n\t\t\t\t\t\t<div class=\"elementor-container elementor-column-gap-extended\">\n\t\t\t\t\t<div class=\"elementor-column elementor-col-100 elementor-top-column elementor-element elementor-element-7d2278f6\" data-id=\"7d2278f6\" data-element_type=\"column\" data-e-type=\"column\">\n\t\t\t<div class=\"elementor-widget-wrap elementor-element-populated\">\n\t\t\t\t\t\t<div class=\"elementor-element elementor-element-5c836ae0 elementor-widget elementor-widget-nuss-heading\" data-id=\"5c836ae0\" data-element_type=\"widget\" data-e-type=\"widget\" data-widget_type=\"nuss-heading.default\">\n\t\t\t\t<div class=\"elementor-widget-container\">\n\t\t\t\t\t\t\t<div class=\"nuss-modern-heading\">\r\n\t\t\t\t\t\t<div class=\"heading-secondary-wrap\">\r\n\t\t\t\t<h3 class=\"heading-secondary elementor-heading-title\">Consultar disponibilidad <\/h3>\t\t\t<\/div>\r\n\t\t\r\n\t\t\t\r\n\t\t\t\r\n\t\t\t\t\t<\/div>\r\n\t\t\t\t\t<\/div>\n\t\t\t\t<\/div>\n\t\t\t\t<div class=\"elementor-element elementor-element-d061b7c elementor-widget elementor-widget-text-editor\" data-id=\"d061b7c\" data-element_type=\"widget\" data-e-type=\"widget\" data-widget_type=\"text-editor.default\">\n\t\t\t\t\t\t\t\t\t<iframe border=\"0\" src=\"https:\/\/www.trip.com\/partners\/ad\/S5409112?Allianceid=4590391&#038;SID=259760691&#038;trip_sub1=\" style=\"width:1200px;height:200px\" frameborder=\"0\" scrolling=\"no\" id=\"S5409112\"><\/iframe>\t\t\t\t\t\t\t\t<\/div>\n\t\t\t\t\t<\/div>\n\t\t<\/div>\n\t\t\t\t\t<\/div>\n\t\t<\/section>\n\t\t\t\t<\/div>","protected":false},"excerpt":{"rendered":"<p>Customer Experiences &amp; Authentic Reviews \u2013 Yinxitang Hotel (Sichuan University Xinnanmen Subway Station Branch) At Yinxitang Hotel, located at No. 8 Nantai Road, Wuhou District, Chengdu, guests don\u2019t just check in\u2014they connect. Nestled within walking distance of Sichuan University and the bustling Xinnanmen Metro Station (Line 3), this boutique hotel has quietly earned a reputation [&hellip;]<\/p>\n","protected":false},"author":1,"featured_media":0,"parent":0,"menu_order":0,"comment_status":"closed","ping_status":"closed","template":"","meta":{"footnotes":""},"class_list":["post-2106","page","type-page","status-publish","hentry","post-no-thumbnail"],"_links":{"self":[{"href":"https:\/\/yinxitanghotel.com\/es\/wp-json\/wp\/v2\/pages\/2106","targetHints":{"allow":["GET"]}}],"collection":[{"href":"https:\/\/yinxitanghotel.com\/es\/wp-json\/wp\/v2\/pages"}],"about":[{"href":"https:\/\/yinxitanghotel.com\/es\/wp-json\/wp\/v2\/types\/page"}],"author":[{"embeddable":true,"href":"https:\/\/yinxitanghotel.com\/es\/wp-json\/wp\/v2\/users\/1"}],"replies":[{"embeddable":true,"href":"https:\/\/yinxitanghotel.com\/es\/wp-json\/wp\/v2\/comments?post=2106"}],"version-history":[{"count":0,"href":"https:\/\/yinxitanghotel.com\/es\/wp-json\/wp\/v2\/pages\/2106\/revisions"}],"wp:attachment":[{"href":"https:\/\/yinxitanghotel.com\/es\/wp-json\/wp\/v2\/media?parent=2106"}],"curies":[{"name":"wp","href":"https:\/\/api.w.org\/{rel}","templated":true}]}}