{"id":5266,"date":"2021-07-18T08:03:35","date_gmt":"2021-07-18T08:03:35","guid":{"rendered":"https:\/\/nuss.uxper.co\/luxury-resort\/?page_id=5266"},"modified":"2025-09-16T13:41:21","modified_gmt":"2025-09-16T13:41:21","slug":"uber-uns","status":"publish","type":"page","link":"https:\/\/yinxitanghotel.com\/de\/uber-uns\/","title":{"rendered":"\u00dcber uns"},"content":{"rendered":"<div data-elementor-type=\"wp-page\" data-elementor-id=\"5266\" class=\"elementor elementor-5266\">\n\t\t\t\t\t\t<section class=\"elementor-section elementor-top-section elementor-element elementor-element-10416953 elementor-section-boxed elementor-section-gap-beside-yes elementor-section-height-default elementor-section-height-default elementor-section-column-vertical-align-stretch\" data-id=\"10416953\" data-element_type=\"section\" data-e-type=\"section\">\n\t\t\t\t\t\t<div class=\"elementor-container elementor-column-gap-extended\">\n\t\t\t\t\t<div class=\"elementor-column elementor-col-100 elementor-top-column elementor-element elementor-element-29c6aa8\" data-id=\"29c6aa8\" data-element_type=\"column\" data-e-type=\"column\">\n\t\t\t<div class=\"elementor-widget-wrap elementor-element-populated\">\n\t\t\t\t\t\t<div class=\"elementor-element elementor-element-7be18fe7 elementor-widget__width-initial elementor-invisible elementor-widget elementor-widget-text-editor\" data-id=\"7be18fe7\" data-element_type=\"widget\" data-e-type=\"widget\" data-settings=\"{&quot;_animation&quot;:&quot;nussFadeInUp&quot;}\" data-widget_type=\"text-editor.default\">\n\t\t\t\t\t\t\t\t\t<p><em data-spm-anchor-id=\"a2ty_o01.29997173.0.i104.3ac7c921O44zAQ\">Buchen Sie Ihren Aufenthalt noch heute und entdecken Sie, warum anspruchsvolle Reisende Yinxitang als ihr zweites Zuhause in der Hauptstadt der Sichuan-K\u00fcche und Ruhe bezeichnen.<\/em><\/p>\t\t\t\t\t\t\t\t<\/div>\n\t\t\t\t\t<\/div>\n\t\t<\/div>\n\t\t\t\t\t<\/div>\n\t\t<\/section>\n\t\t\t\t<section class=\"elementor-section elementor-top-section elementor-element elementor-element-7d18327f elementor-section-boxed elementor-section-gap-beside-yes elementor-section-height-default elementor-section-height-default elementor-section-column-vertical-align-stretch\" data-id=\"7d18327f\" data-element_type=\"section\" data-e-type=\"section\">\n\t\t\t\t\t\t<div class=\"elementor-container elementor-column-gap-extended\">\n\t\t\t\t\t<div class=\"elementor-column elementor-col-50 elementor-top-column elementor-element elementor-element-56533670\" data-id=\"56533670\" data-element_type=\"column\" data-e-type=\"column\">\n\t\t\t<div class=\"elementor-widget-wrap elementor-element-populated\">\n\t\t\t\t\t\t<div class=\"elementor-element elementor-element-19c3f543 elementor-invisible elementor-widget elementor-widget-text-editor\" data-id=\"19c3f543\" data-element_type=\"widget\" data-e-type=\"widget\" data-settings=\"{&quot;_animation&quot;:&quot;nussFadeInUp&quot;}\" data-widget_type=\"text-editor.default\">\n\t\t\t\t\t\t\t\t\t<p>Eingebettet im pulsierenden Herzen von Chengdus Wuhou-Bezirk am <strong>Nr. 8 Nantai Road<\/strong>, nur ein <strong>3 Gehminuten vom U-Bahnhof Xinnanmen (Linie 3)<\/strong>, <strong>Yinxitang Hotel (Zweigstelle der Sichuan-Universit\u00e4t)<\/strong> definiert urbane Ruhe f\u00fcr moderne Reisende neu, die Authentizit\u00e4t, Komfort und kulturelle Tiefe suchen. Dieses Boutique-Hotel ist als ruhiger R\u00fcckzugsort inmitten der Energie einer der beliebtesten St\u00e4dte Chinas konzipiert und verbindet nahtlos modernen Komfort mit subtilem Sichuan-Erbe \u2013 es bietet mehr als nur einen Platz zum Schlafen, es ist ein Tor zur Seele Chengdus.<\/p>\t\t\t\t\t\t\t\t<\/div>\n\t\t\t\t\t<\/div>\n\t\t<\/div>\n\t\t\t\t<div class=\"elementor-column elementor-col-50 elementor-top-column elementor-element elementor-element-30f14127\" data-id=\"30f14127\" data-element_type=\"column\" data-e-type=\"column\">\n\t\t\t<div class=\"elementor-widget-wrap elementor-element-populated\">\n\t\t\t\t\t\t<div class=\"elementor-element elementor-element-59aea08 elementor-widget elementor-widget-image\" data-id=\"59aea08\" data-element_type=\"widget\" data-e-type=\"widget\" data-widget_type=\"image.default\">\n\t\t\t\t\t\t\t\t\t\t\t\t\t\t\t<img fetchpriority=\"high\" decoding=\"async\" width=\"556\" height=\"853\" src=\"https:\/\/yinxitanghotel.com\/wp-content\/uploads\/2025\/09\/Yinxitang-Hotel-9.webp\" class=\"attachment-large size-large wp-image-6036\" alt=\"\" srcset=\"https:\/\/yinxitanghotel.com\/wp-content\/uploads\/2025\/09\/Yinxitang-Hotel-9.webp 556w, https:\/\/yinxitanghotel.com\/wp-content\/uploads\/2025\/09\/Yinxitang-Hotel-9-196x300.webp 196w, https:\/\/yinxitanghotel.com\/wp-content\/uploads\/2025\/09\/Yinxitang-Hotel-9-8x12.webp 8w\" sizes=\"(max-width: 556px) 100vw, 556px\" \/>\t\t\t\t\t\t\t\t\t\t\t\t\t\t\t<\/div>\n\t\t\t\t\t<\/div>\n\t\t<\/div>\n\t\t\t\t\t<\/div>\n\t\t<\/section>\n\t\t\t\t<section class=\"elementor-section elementor-top-section elementor-element elementor-element-29fb8578 elementor-section-height-min-height elementor-section-stretched elementor-section-full_width elementor-section-items-stretch elementor-section-height-default elementor-section-column-vertical-align-stretch\" data-id=\"29fb8578\" data-element_type=\"section\" data-e-type=\"section\" data-settings=\"{&quot;stretch_section&quot;:&quot;section-stretched&quot;}\">\n\t\t\t\t\t\t<div class=\"elementor-container elementor-column-gap-no\">\n\t\t\t\t\t<div class=\"elementor-column elementor-col-50 elementor-top-column elementor-element elementor-element-40ac270b\" data-id=\"40ac270b\" data-element_type=\"column\" data-e-type=\"column\">\n\t\t\t<div class=\"elementor-widget-wrap elementor-element-populated\">\n\t\t\t\t\t\t<div class=\"elementor-element elementor-element-20872773 elementor-widget__width-initial elementor-widget-mobile__width-inherit elementor-invisible nuss-elementor-loading nuss-slide-in-right elementor-widget elementor-widget-image\" data-id=\"20872773\" data-element_type=\"widget\" data-e-type=\"widget\" data-settings=\"{&quot;_animation&quot;:&quot;nussSlideInRight&quot;}\" data-widget_type=\"image.default\">\n\t\t\t\t\t\t\t\t\t\t\t\t\t\t\t<img decoding=\"async\" width=\"1280\" height=\"853\" src=\"https:\/\/yinxitanghotel.com\/wp-content\/uploads\/2025\/09\/Yinxitang-Hotel-7.webp\" class=\"attachment-full size-full wp-image-6034\" alt=\"\" srcset=\"https:\/\/yinxitanghotel.com\/wp-content\/uploads\/2025\/09\/Yinxitang-Hotel-7.webp 1280w, https:\/\/yinxitanghotel.com\/wp-content\/uploads\/2025\/09\/Yinxitang-Hotel-7-300x200.webp 300w, https:\/\/yinxitanghotel.com\/wp-content\/uploads\/2025\/09\/Yinxitang-Hotel-7-1024x682.webp 1024w, https:\/\/yinxitanghotel.com\/wp-content\/uploads\/2025\/09\/Yinxitang-Hotel-7-768x512.webp 768w, https:\/\/yinxitanghotel.com\/wp-content\/uploads\/2025\/09\/Yinxitang-Hotel-7-18x12.webp 18w\" sizes=\"(max-width: 1280px) 100vw, 1280px\" \/>\t\t\t\t\t\t\t\t\t\t\t\t\t\t\t<\/div>\n\t\t\t\t\t<\/div>\n\t\t<\/div>\n\t\t\t\t<div class=\"elementor-column elementor-col-50 elementor-top-column elementor-element elementor-element-2dac103\" data-id=\"2dac103\" data-element_type=\"column\" data-e-type=\"column\">\n\t\t\t<div class=\"elementor-widget-wrap elementor-element-populated\">\n\t\t\t\t\t\t<div class=\"elementor-element elementor-element-6f1b8966 elementor-invisible elementor-widget elementor-widget-text-editor\" data-id=\"6f1b8966\" data-element_type=\"widget\" data-e-type=\"widget\" data-settings=\"{&quot;_animation&quot;:&quot;nussFadeInUp&quot;}\" data-widget_type=\"text-editor.default\">\n\t\t\t\t\t\t\t\t\t<p data-spm-anchor-id=\"a2ty_o01.29997173.0.i105.3ac7c921O44zAQ\">Perfekt gelegen zwischen dem gesch\u00e4ftigen Campus von <strong>Sichuan-Universit\u00e4t<\/strong> und der historische Charme von <strong>Wuhou-Tempel<\/strong>Das Yinxitang Hotel ist ideal f\u00fcr Studenten, Gesch\u00e4ftsreisende, digitale Nomaden und Kulturinteressierte. Ob Sie die ber\u00fchmten Teeh\u00e4user Chengdus erkunden, einen weltber\u00fchmten scharfen Hotpot genie\u00dfen oder einfach dem L\u00e4rm der Stadt entfliehen m\u00f6chten \u2013 unsere sorgf\u00e4ltig eingerichteten Zimmer bieten Ihnen eine erholsame Oase mit hochwertiger Bettw\u00e4sche, intelligenter Klimaanlage, schallisolierten Fenstern und lokal inspiriertem Dekor aus Bambus, Leinen und gedeckten Erdt\u00f6nen.<\/p><div class=\"my-2\">\u00a0<\/div><p>G\u00e4ste genie\u00dfen kostenlose Annehmlichkeiten, darunter <strong>24-Stunden-Kr\u00e4uterteestationen<\/strong>, <strong>kostenloses Highspeed-WLAN<\/strong>, <strong>personalisierte Reise-Concierge-Dienste<\/strong> die versteckte Gassenrestaurants und lokale Kunstgalerien \u00f6ffnen, und <strong>abendliche Fu\u00dfbadrituale<\/strong> Mit traditionellen chinesischen Kr\u00e4utern angereichert \u2013 alles, um Ihre Reise zu vers\u00fc\u00dfen. Unser hauseigenes Caf\u00e9 serviert authentisches Sichuan-Fr\u00fchst\u00fcck: handgezogene Nudeln, Dan Dan Mian und ged\u00e4mpfte Br\u00f6tchen mit duftendem Jasmintee, w\u00e4hrend unsere Dachterrasse zur goldenen Stunde einen ruhigen Blick auf die Skyline der Stadt bietet.<\/p><div class=\"my-2\">\u00a0<\/div><p data-spm-anchor-id=\"a2ty_o01.29997173.0.i106.3ac7c921O44zAQ\">Als n\u00e4chstgelegenes Hotel zu <strong>U-Bahn-Station Xinnanmen<\/strong>, Yinxitang bietet m\u00fchelosen Zugang zu <strong>Bahnhof Chengdu (15 Min.)<\/strong>, <strong>Internationaler Flughafen Shuangliu (30 Minuten mit der U-Bahn)<\/strong>und Top-Attraktionen wie <strong>Alte Jinli-Stra\u00dfe<\/strong>, <strong>Kuanzhai-Gasse<\/strong>, Und <strong>Chengdu Forschungsstation f\u00fcr die Zucht von Gro\u00dfen Pandas<\/strong>. Mit seiner schlichten Eleganz, seinen tiefen lokalen Wurzeln und seiner un\u00fcbertroffenen Zug\u00e4nglichkeit <strong>Das Yinxitang Hotel ist nicht nur ein Aufenthalt \u2013 es ist ein umfassendes Chengdu-Erlebnis, ein ruhiger Moment nach dem anderen.<\/strong><\/p>\t\t\t\t\t\t\t\t<\/div>\n\t\t\t\t\t<\/div>\n\t\t<\/div>\n\t\t\t\t\t<\/div>\n\t\t<\/section>\n\t\t\t\t<section class=\"elementor-section elementor-top-section elementor-element elementor-element-2092b7d0 elementor-section-stretched elementor-section-boxed elementor-section-gap-beside-yes elementor-section-height-default elementor-section-height-default elementor-section-column-vertical-align-stretch\" data-id=\"2092b7d0\" data-element_type=\"section\" data-e-type=\"section\" data-settings=\"{&quot;background_background&quot;:&quot;classic&quot;,&quot;stretch_section&quot;:&quot;section-stretched&quot;}\">\n\t\t\t\t\t\t<div class=\"elementor-container elementor-column-gap-extended\">\n\t\t\t\t\t<div class=\"elementor-column elementor-col-100 elementor-top-column elementor-element elementor-element-be69d75\" data-id=\"be69d75\" data-element_type=\"column\" data-e-type=\"column\">\n\t\t\t<div class=\"elementor-widget-wrap elementor-element-populated\">\n\t\t\t\t\t\t<div class=\"elementor-element elementor-element-320c022 elementor-widget elementor-widget-nuss-heading\" data-id=\"320c022\" data-element_type=\"widget\" data-e-type=\"widget\" data-widget_type=\"nuss-heading.default\">\n\t\t\t\t<div class=\"elementor-widget-container\">\n\t\t\t\t\t\t\t<div class=\"nuss-modern-heading\">\r\n\t\t\t\t\t\t<div class=\"heading-secondary-wrap\">\r\n\t\t\t\t<h3 class=\"heading-secondary elementor-heading-title\">Verf\u00fcgbarkeit pr\u00fcfen <\/h3>\t\t\t<\/div>\r\n\t\t\r\n\t\t\t\r\n\t\t\t\r\n\t\t\t\t\t<\/div>\r\n\t\t\t\t\t<\/div>\n\t\t\t\t<\/div>\n\t\t\t\t<div class=\"elementor-element elementor-element-fe69a93 elementor-widget elementor-widget-text-editor\" data-id=\"fe69a93\" data-element_type=\"widget\" data-e-type=\"widget\" data-widget_type=\"text-editor.default\">\n\t\t\t\t\t\t\t\t\t<iframe border=\"0\" src=\"https:\/\/www.trip.com\/partners\/ad\/S5409112?Allianceid=4590391&#038;SID=259760691&#038;trip_sub1=\" style=\"width:1200px;height:200px\" frameborder=\"0\" scrolling=\"no\" id=\"S5409112\"><\/iframe>\t\t\t\t\t\t\t\t<\/div>\n\t\t\t\t\t<\/div>\n\t\t<\/div>\n\t\t\t\t\t<\/div>\n\t\t<\/section>\n\t\t\t\t<\/div>","protected":false},"excerpt":{"rendered":"<p>Book your stay today and discover why discerning travelers call Yinxitang their home away from home in the capital of Sichuan cuisine and calm. Nestled in the vibrant heart of Chengdu\u2019s Wuhou District at No. 8 Nantai Road, just a 3-minute walk from Xinnanmen Subway Station (Line 3), Yinxitang Hotel (Sichuan University Branch) redefines urban [&hellip;]<\/p>\n","protected":false},"author":1,"featured_media":0,"parent":0,"menu_order":0,"comment_status":"closed","ping_status":"closed","template":"","meta":{"footnotes":""},"class_list":["post-5266","page","type-page","status-publish","hentry","post-no-thumbnail"],"_links":{"self":[{"href":"https:\/\/yinxitanghotel.com\/de\/wp-json\/wp\/v2\/pages\/5266","targetHints":{"allow":["GET"]}}],"collection":[{"href":"https:\/\/yinxitanghotel.com\/de\/wp-json\/wp\/v2\/pages"}],"about":[{"href":"https:\/\/yinxitanghotel.com\/de\/wp-json\/wp\/v2\/types\/page"}],"author":[{"embeddable":true,"href":"https:\/\/yinxitanghotel.com\/de\/wp-json\/wp\/v2\/users\/1"}],"replies":[{"embeddable":true,"href":"https:\/\/yinxitanghotel.com\/de\/wp-json\/wp\/v2\/comments?post=5266"}],"version-history":[{"count":0,"href":"https:\/\/yinxitanghotel.com\/de\/wp-json\/wp\/v2\/pages\/5266\/revisions"}],"wp:attachment":[{"href":"https:\/\/yinxitanghotel.com\/de\/wp-json\/wp\/v2\/media?parent=5266"}],"curies":[{"name":"wp","href":"https:\/\/api.w.org\/{rel}","templated":true}]}}