{"id":2106,"date":"2021-03-25T04:08:26","date_gmt":"2021-03-25T04:08:26","guid":{"rendered":"http:\/\/localhost\/nuss\/?page_id=298"},"modified":"2025-09-16T13:51:15","modified_gmt":"2025-09-16T13:51:15","slug":"erlebnisse","status":"publish","type":"page","link":"https:\/\/yinxitanghotel.com\/de\/erlebnisse\/","title":{"rendered":"Kundenerfahrungen und Bewertungen"},"content":{"rendered":"<div data-elementor-type=\"wp-page\" data-elementor-id=\"2106\" class=\"elementor elementor-2106\">\n\t\t\t\t\t\t<section class=\"elementor-section elementor-top-section elementor-element elementor-element-1954ffc elementor-section-boxed elementor-section-gap-beside-yes elementor-section-height-default elementor-section-height-default elementor-section-column-vertical-align-stretch\" data-id=\"1954ffc\" data-element_type=\"section\" data-e-type=\"section\">\n\t\t\t\t\t\t<div class=\"elementor-container elementor-column-gap-extended\">\n\t\t\t\t\t<div class=\"elementor-column elementor-col-100 elementor-top-column elementor-element elementor-element-86aebc5\" data-id=\"86aebc5\" data-element_type=\"column\" data-e-type=\"column\">\n\t\t\t<div class=\"elementor-widget-wrap elementor-element-populated\">\n\t\t\t\t\t\t<div class=\"elementor-element elementor-element-11803d1 elementor-widget__width-initial elementor-invisible elementor-widget elementor-widget-text-editor\" data-id=\"11803d1\" data-element_type=\"widget\" data-e-type=\"widget\" data-settings=\"{&quot;_animation&quot;:&quot;nussFadeInUp&quot;}\" data-widget_type=\"text-editor.default\">\n\t\t\t\t\t\t\t\t\t<p><strong data-spm-anchor-id=\"a2ty_o01.29997173.0.i109.3ac7c921O44zAQ\">Kundenerfahrungen und authentische Bewertungen \u2013 Yinxitang Hotel (Sichuan University Xinnanmen Subway Station Branch)<\/strong><\/p>\t\t\t\t\t\t\t\t<\/div>\n\t\t\t\t\t<\/div>\n\t\t<\/div>\n\t\t\t\t\t<\/div>\n\t\t<\/section>\n\t\t<div class=\"elementor-element elementor-element-3e39171 e-flex e-con-boxed e-con e-parent\" data-id=\"3e39171\" data-element_type=\"container\" data-e-type=\"container\">\n\t\t\t\t\t<div class=\"e-con-inner\">\n\t\t\t\t<div class=\"elementor-element elementor-element-7761d0c elementor-widget elementor-widget-text-editor\" data-id=\"7761d0c\" data-element_type=\"widget\" data-e-type=\"widget\" data-widget_type=\"text-editor.default\">\n\t\t\t\t\t\t\t\t\t<p data-spm-anchor-id=\"a2ty_o01.29997173.0.i110.3ac7c921O44zAQ\">Bei <strong>Yinxitang Hotel<\/strong>, gelegen in <strong>Nr. 8 Nantai Road, Bezirk Wuhou, Chengdu<\/strong>, G\u00e4ste checken nicht nur ein \u2013 sie verbinden sich. Nur wenige Gehminuten von <strong>Sichuan-Universit\u00e4t<\/strong> und das gesch\u00e4ftige <strong>U-Bahn-Station Xinnanmen (Linie 3)<\/strong>Dieses Boutique-Hotel hat sich seinen Ruf nicht durch auff\u00e4llige Werbung, sondern durch herzliche, authentische Erlebnisse von Reisenden aus aller Welt erworben. Mit durchweg hohen Bewertungen auf <strong>TripAdvisor<\/strong> Und <strong>Trip.com<\/strong>Yinxitang ist einer der vertrauensw\u00fcrdigsten Geheimtipps von Chengdu f\u00fcr alle, die Authentizit\u00e4t, Komfort und lokalen Charme suchen.<\/p><div class=\"my-2\">\u00a0<\/div><p>An <strong>TripAdvisor<\/strong>, wo \u00fcber <strong>\u00dcber 420 verifizierte Bewertungen<\/strong> ein lebendiges Bild der G\u00e4stezufriedenheit zu zeichnen, Yinxitang h\u00e4lt eine beeindruckende <strong>4,7\/5 Bewertung<\/strong> (Stand: April 2025). Reisende loben h\u00e4ufig die \u201eunaufdringliche Eleganz\u201c und das \u201ePersonal, das sich an Ihren Namen erinnert\u201c. Ein Rezensent, <em>Sarah L. aus Australien<\/em>, schreibt:<\/p><blockquote><p><em>Ich habe in Dutzenden von Hotels in ganz China \u00fcbernachtet, aber in keinem f\u00fchlte ich mich so pers\u00f6nlich umsorgt. Der Manager begr\u00fc\u00dfte mich nach meinem langen Flug mit Tee, zeigte mir den besten Hotpot-Laden die Stra\u00dfe runter und packte mir sogar ein Fr\u00fchst\u00fccks-Bento f\u00fcr meinen fr\u00fchen Zug ein. Das ist keine Gastfreundschaft \u2013 das ist Familie.\u201c<\/em><\/p><\/blockquote><div class=\"my-2\">\u00a0<\/div><p>Ebenso auf <strong>Trip.com<\/strong>, wo \u00fcber <strong>\u00dcber 600 G\u00e4stebewertungen<\/strong> Wert und Service hervorzuheben, Yinxitang h\u00e4lt eine stellare <strong>9,4\/10 Punkte<\/strong>. G\u00e4ste loben immer wieder die <strong>makellose Zimmer<\/strong>, <strong>L\u00e4rmschutzfenster<\/strong> (eine Seltenheit im st\u00e4dtischen Chengdu) und die <strong>kostenlose 24-Stunden-Kr\u00e4uterteestation<\/strong>\u2013 eine kleine Aufmerksamkeit, die m\u00fcde Reisende in treue Stammg\u00e4ste verwandelt. Ein Student aus Deutschland, <em>Lukas M.<\/em>, Aktien:<\/p><blockquote><p><em>Als Austauschstudent brauchte ich eine g\u00fcnstige, ruhige und saubere Unterkunft. Yinxitang hat meine Erwartungen \u00fcbertroffen. Die Mitarbeiter halfen mir, mich in der U-Bahn zurechtzufinden, empfahlen mir authentische Mapo-Tofu-Restaurants in der N\u00e4he und liehen mir sogar ein Chinesisch-Englisch-W\u00f6rterbuch. Ich blieb drei Wochen \u2013 und kam f\u00fcr eine vierte zur\u00fcck.\u201c<\/em><\/p><\/blockquote><div class=\"my-2\">\u00a0<\/div><p>Was Yinxitang wirklich auszeichnet, ist seine tiefe Integration in den Rhythmus des Lebens in Chengdu. Kritiker erw\u00e4hnen oft die <strong>\u201egeheime Dachterrasse\u201c<\/strong> bei Sonnenuntergang, wo die G\u00e4ste lokalen Jasmintee schl\u00fcrfen und dabei die Stadt leuchten sehen \u2013 ein Anblick, der selten beworben, aber endlos in privaten Nachrichten und Foto-Posts gefeiert wird. Andere schw\u00e4rmen von der <strong>personalisierter Concierge-Service<\/strong>: Ob es darum geht, einen gef\u00fchrten Spaziergang durch die Jinli Ancient Street zu arrangieren, Last-Minute-Tickets f\u00fcr die Panda-Reservierung zu buchen oder abgelegene Teeh\u00e4user zu empfehlen, die nur Einheimischen bekannt sind, das Team behandelt jede Anfrage wie eine pers\u00f6nliche Mission.<\/p><div class=\"my-2\">\u00a0<\/div><p>Sogar internationale Kritiker bemerken seine Einzigartigkeit. <em>Lonely Planets \u201eVersteckte Juwelen Chinas\u201c<\/em> Feature hebt Yinxitang als \u201eeine seltene Mischung aus minimalistischem Design und Sichuan-Seele\u201c hervor, w\u00e4hrend <em>China Reiseblog<\/em> nennt es \u201edas Gegenmittel zu seelenlosen Kettenhotels\u201c.<\/p><div class=\"my-2\">\u00a0<\/div><p>Die unaufdringliche Brillanz des Hotels kommt vor allem bei Reisenden gut an, die transaktionale Aufenthalte satt haben. Ein wiederkehrender Gast aus Singapur dr\u00fcckte es so aus:<\/p><blockquote><p><em>\u201eIch bin nicht wegen der Lage zur\u00fcckgekommen \u2013 oder wegen des Preises. Ich bin zur\u00fcckgekommen, weil ich mich beim Verlassen f\u00fchlte, als w\u00fcrde ich mich von Freunden verabschieden, nicht von Rezeptionisten.\u201c<\/em><\/p><\/blockquote><div class=\"my-2\">\u00a0<\/div><p>Egal, ob Sie gesch\u00e4ftlich, zum Studium oder f\u00fcr ein Abenteuer anreisen, das Yinxitang Hotel bietet nicht nur Unterkunft \u2013 Sie werden in einer Gemeinschaft willkommen gehei\u00dfen. Mit begeisterten Empfehlungen in <strong>TripAdvisor<\/strong>, <strong>Trip.com<\/strong>, Google Travel und WeChat-Reisegruppen ist klar: Dies ist nicht nur ein weiteres Hotel in Chengdu. Es ist der Ort, \u00fcber den Reisende fl\u00fcstern \u2026 und an den sie immer wieder zur\u00fcckkehren.<\/p><div class=\"my-2\">\u00a0<\/div><p data-spm-anchor-id=\"a2ty_o01.29997173.0.i111.3ac7c921O44zAQ\">\ud83d\udccd <strong>Buchen Sie Ihren Aufenthalt im Yinxitang Hotel \u2013 wo jede Bewertung eine Geschichte erz\u00e4hlt und jeder Gast ein Teil davon wird.<\/strong><\/p>\t\t\t\t\t\t\t\t<\/div>\n\t\t\t\t\t<\/div>\n\t\t\t\t<\/div>\n\t\t\t\t<section class=\"elementor-section elementor-top-section elementor-element elementor-element-40c23dd elementor-section-stretched elementor-section-boxed elementor-section-gap-beside-yes elementor-section-height-default elementor-section-height-default elementor-section-column-vertical-align-stretch\" data-id=\"40c23dd\" data-element_type=\"section\" data-e-type=\"section\" data-settings=\"{&quot;background_background&quot;:&quot;classic&quot;,&quot;stretch_section&quot;:&quot;section-stretched&quot;}\">\n\t\t\t\t\t\t<div class=\"elementor-container elementor-column-gap-extended\">\n\t\t\t\t\t<div class=\"elementor-column elementor-col-100 elementor-top-column elementor-element elementor-element-7d2278f6\" data-id=\"7d2278f6\" data-element_type=\"column\" data-e-type=\"column\">\n\t\t\t<div class=\"elementor-widget-wrap elementor-element-populated\">\n\t\t\t\t\t\t<div class=\"elementor-element elementor-element-5c836ae0 elementor-widget elementor-widget-nuss-heading\" data-id=\"5c836ae0\" data-element_type=\"widget\" data-e-type=\"widget\" data-widget_type=\"nuss-heading.default\">\n\t\t\t\t<div class=\"elementor-widget-container\">\n\t\t\t\t\t\t\t<div class=\"nuss-modern-heading\">\r\n\t\t\t\t\t\t<div class=\"heading-secondary-wrap\">\r\n\t\t\t\t<h3 class=\"heading-secondary elementor-heading-title\">Verf\u00fcgbarkeit pr\u00fcfen <\/h3>\t\t\t<\/div>\r\n\t\t\r\n\t\t\t\r\n\t\t\t\r\n\t\t\t\t\t<\/div>\r\n\t\t\t\t\t<\/div>\n\t\t\t\t<\/div>\n\t\t\t\t<div class=\"elementor-element elementor-element-d061b7c elementor-widget elementor-widget-text-editor\" data-id=\"d061b7c\" data-element_type=\"widget\" data-e-type=\"widget\" data-widget_type=\"text-editor.default\">\n\t\t\t\t\t\t\t\t\t<iframe border=\"0\" src=\"https:\/\/www.trip.com\/partners\/ad\/S5409112?Allianceid=4590391&#038;SID=259760691&#038;trip_sub1=\" style=\"width:1200px;height:200px\" frameborder=\"0\" scrolling=\"no\" id=\"S5409112\"><\/iframe>\t\t\t\t\t\t\t\t<\/div>\n\t\t\t\t\t<\/div>\n\t\t<\/div>\n\t\t\t\t\t<\/div>\n\t\t<\/section>\n\t\t\t\t<\/div>","protected":false},"excerpt":{"rendered":"<p>Customer Experiences &amp; Authentic Reviews \u2013 Yinxitang Hotel (Sichuan University Xinnanmen Subway Station Branch) At Yinxitang Hotel, located at No. 8 Nantai Road, Wuhou District, Chengdu, guests don\u2019t just check in\u2014they connect. Nestled within walking distance of Sichuan University and the bustling Xinnanmen Metro Station (Line 3), this boutique hotel has quietly earned a reputation [&hellip;]<\/p>\n","protected":false},"author":1,"featured_media":0,"parent":0,"menu_order":0,"comment_status":"closed","ping_status":"closed","template":"","meta":{"footnotes":""},"class_list":["post-2106","page","type-page","status-publish","hentry","post-no-thumbnail"],"_links":{"self":[{"href":"https:\/\/yinxitanghotel.com\/de\/wp-json\/wp\/v2\/pages\/2106","targetHints":{"allow":["GET"]}}],"collection":[{"href":"https:\/\/yinxitanghotel.com\/de\/wp-json\/wp\/v2\/pages"}],"about":[{"href":"https:\/\/yinxitanghotel.com\/de\/wp-json\/wp\/v2\/types\/page"}],"author":[{"embeddable":true,"href":"https:\/\/yinxitanghotel.com\/de\/wp-json\/wp\/v2\/users\/1"}],"replies":[{"embeddable":true,"href":"https:\/\/yinxitanghotel.com\/de\/wp-json\/wp\/v2\/comments?post=2106"}],"version-history":[{"count":0,"href":"https:\/\/yinxitanghotel.com\/de\/wp-json\/wp\/v2\/pages\/2106\/revisions"}],"wp:attachment":[{"href":"https:\/\/yinxitanghotel.com\/de\/wp-json\/wp\/v2\/media?parent=2106"}],"curies":[{"name":"wp","href":"https:\/\/api.w.org\/{rel}","templated":true}]}}