{"id":2104,"date":"2021-03-23T09:33:48","date_gmt":"2021-03-23T09:33:48","guid":{"rendered":"http:\/\/localhost\/nuss\/?page_id=167"},"modified":"2025-09-16T13:56:40","modified_gmt":"2025-09-16T13:56:40","slug":"unsere-geschichte","status":"publish","type":"page","link":"https:\/\/yinxitanghotel.com\/de\/unsere-geschichte\/","title":{"rendered":"Unsere Geschichte"},"content":{"rendered":"<div data-elementor-type=\"wp-page\" data-elementor-id=\"2104\" class=\"elementor elementor-2104\">\n\t\t\t\t\t\t<section class=\"elementor-section elementor-top-section elementor-element elementor-element-8f5bb9d elementor-section-boxed elementor-section-gap-beside-yes elementor-section-height-default elementor-section-height-default elementor-section-column-vertical-align-stretch\" data-id=\"8f5bb9d\" data-element_type=\"section\" data-e-type=\"section\">\n\t\t\t\t\t\t<div class=\"elementor-container elementor-column-gap-extended\">\n\t\t\t\t\t<div class=\"elementor-column elementor-col-100 elementor-top-column elementor-element elementor-element-7ec4215\" data-id=\"7ec4215\" data-element_type=\"column\" data-e-type=\"column\">\n\t\t\t<div class=\"elementor-widget-wrap elementor-element-populated\">\n\t\t\t\t\t\t<div class=\"elementor-element elementor-element-edd9d03 elementor-widget__width-initial elementor-invisible elementor-widget elementor-widget-text-editor\" data-id=\"edd9d03\" data-element_type=\"widget\" data-e-type=\"widget\" data-settings=\"{&quot;_animation&quot;:&quot;nussFadeInUp&quot;}\" data-widget_type=\"text-editor.default\">\n\t\t\t\t\t\t\t\t\t<p><strong data-spm-anchor-id=\"a2ty_o01.29997173.0.i124.3ac7c921O44zAQ\">Wo ruhige Momente auf die Seele Chengdus treffen<\/strong><\/p>\t\t\t\t\t\t\t\t<\/div>\n\t\t\t\t\t<\/div>\n\t\t<\/div>\n\t\t\t\t\t<\/div>\n\t\t<\/section>\n\t\t<div class=\"elementor-element elementor-element-ae7e42f e-flex e-con-boxed e-con e-parent\" data-id=\"ae7e42f\" data-element_type=\"container\" data-e-type=\"container\">\n\t\t\t\t\t<div class=\"e-con-inner\">\n\t\t\t\t<div class=\"elementor-element elementor-element-136c3a3 elementor-widget elementor-widget-text-editor\" data-id=\"136c3a3\" data-element_type=\"widget\" data-e-type=\"widget\" data-widget_type=\"text-editor.default\">\n\t\t\t\t\t\t\t\t\t<p data-spm-anchor-id=\"a2ty_o01.29997173.0.i125.3ac7c921O44zAQ\">Eingebettet in die Nantai Road Nr. 8, nur einen Katzensprung vom pulsierenden Herzschlag der Sichuan-Universit\u00e4t und dem rhythmischen Puls der U-Bahn-Station Xinnanmen entfernt, <strong>Yinxitang Hotel<\/strong> war nie als blo\u00dfer Schlafplatz gedacht.<\/p><div class=\"my-2\">\u00a0<\/div><p>Es entstand aus einer einfachen, ruhigen Frage: <em>Was w\u00e4re, wenn ein Hotel Reisende nicht nur unterbringen, sondern sie wirklich verstehen w\u00fcrde?<\/em><\/p><div class=\"my-2\">\u00a0<\/div><p>Im Jahr 2018 beobachtete unsere Gr\u00fcnderin Lin Mei \u2013 geb\u00fcrtig aus Chengdu, ehemalige Universit\u00e4tsdozentin und Liebhaberin von Tee, Poesie und versteckten Gassen \u2013, wie die rasante Modernisierung der Stadt einst charmante G\u00e4steh\u00e4user in seelenlose Ketten verwandelte. Studenten, Forscher und Besucher, die in Chengdu ankamen, wurden zwar effizient empfangen, aber selten herzlich. Sie fanden zwar Zimmer, aber selten ein Gef\u00fchl der Zugeh\u00f6rigkeit.<\/p><div class=\"my-2\">\u00a0<\/div><p>Also hat sie etwas Radikales getan.<\/p><div class=\"my-2\">\u00a0<\/div><p>Sie kaufte ein unscheinbares dreist\u00f6ckiges Geb\u00e4ude zwischen einem jahrhundertealten Wu-Wei-Teehaus und einem familiengef\u00fchrten Nudelstand, wo der Duft von Chili\u00f6l noch wie alte Erinnerungen in der Luft lag. Sie entfernte die Neonr\u00f6hren und die gew\u00f6hnlichen M\u00f6bel. Stattdessen lud sie Handwerkskunst ein: handgeschnitzte Bambusschirme aus Ya&#039;an, von Kunsthandwerkern in Dujiangyan gewebte Leinenbettw\u00e4sche, von einheimischen Sch\u00fclern gemalte Kalligrafie-Schriftrollen und B\u00f6den, die mit einer traditionellen Fu\u00dfbodenheizung im Kang-Stil beheizt werden \u2013 einer alten Sichuan-Technik, die die meisten vergessen haben.<\/p><div class=\"my-2\">\u00a0<\/div><p>Aber es war mehr als Design, es war Philosophie.<\/p><div class=\"my-2\">\u00a0<\/div><p>Lin Mei stellte Mitarbeiter nicht aufgrund ihres Lebenslaufs ein, sondern aufgrund ihres Herzens. Eine pensionierte Bibliothekarin, die jeden versteckten Tempel im Bezirk Wuhou kannte. Eine ehemalige Studentin der Sichuan-Universit\u00e4t, die die Geschichte jedes Baumes auf dem Campus rezitieren konnte. Die Tochter eines Kochs, die immer noch die ged\u00e4mpften Br\u00f6tchen ihrer Gro\u00dfmutter nach einem 70 Jahre alten Rezept zubereitete. Das waren keine Angestellten \u2013 sie wurden zu H\u00fctern der Erfahrung.<\/p><div class=\"my-2\">\u00a0<\/div><p>Und so wurde Yinxitang geboren \u2013 nicht als Marke, sondern als Geste.<\/p><div class=\"my-2\">\u00a0<\/div><p>Bei uns h\u00e4ngt kein Firmenleitbild an der Wand. Stattdessen h\u00e4ngt \u00fcber der Rezeption eine handschriftliche Notiz, verfasst von einem unserer ersten G\u00e4ste:<\/p><div class=\"my-2\">\u00a0<\/div><blockquote><p><em>\u201eIch bin hierhergekommen, um ein Bett zu suchen. Ich bin mit einem Freund gegangen.\u201c<\/em><\/p><\/blockquote><div class=\"my-2\">\u00a0<\/div><p>Das ist unser Ma\u00dfstab.<\/p><div class=\"my-2\">\u00a0<\/div><p>Wir bei Yinxitang glauben, dass Gastfreundschaft nicht bedeutet, K\u00e4stchen anzukreuzen \u2013 es geht darum, die kleinen Dinge zu bemerken: die Art, wie ein Reisender z\u00f6gert, bevor er scharfes Essen bestellt; wie er am Fenster verweilt und zusieht, wie die Stra\u00dfenlaternen in der D\u00e4mmerung aufflackern; wie er vergisst, nach einem Kissen zu fragen, weil er zu m\u00fcde zum Sprechen ist. Wir erinnern uns. Wir antizipieren. Wir bieten Ihnen unaufgefordert eine warme Tasse Jasmintee an. Wir hinterlassen auf Ihrem Nachttisch eine gefaltete Karte mit dem besten Dan-Dan-Mian-Stand in der Nachbarschaft. Wir leihen Ihnen den Schallplattenspieler unseres Gro\u00dfvaters \u2013 falls Sie neugierig auf die Popsongs aus Chengdu aus den 1980ern sind.<\/p><div class=\"my-2\">\u00a0<\/div><p>Unsere Zimmer sind bewusst minimalistisch gestaltet \u2013 nicht, um steril zu wirken, sondern um Platz zu schaffen. Raum zum Nachdenken. Zum Ausruhen. F\u00fcr die stille Freude, den Regen ans Fenster prasseln zu h\u00f6ren, w\u00e4hrend Sie einen Tee schl\u00fcrfen, von dem Sie gar nicht wussten, dass Sie ihn brauchen.<\/p><div class=\"my-2\">\u00a0<\/div><p>Wir vermarkten uns nicht als \u201eLuxus\u201c. Das m\u00fcssen wir auch nicht. Unser Luxus ist Folgendes:<br \/>Die Stille nach einem langen Tag auf Jinlis Kopfsteinpflaster.<br \/>Das beruhigende Gef\u00fchl, dass sich jemand an Ihren Namen erinnert.<br \/>Die \u00dcberraschung, eine handschriftliche Notiz vom Manager zu finden, in der er einen Dichter empfiehlt, dessen Verse Ihre Stimmung in dieser Woche widerspiegeln.<\/p><div class=\"my-2\">\u00a0<\/div><p>Wir geh\u00f6ren keiner globalen Kette an. Wir haben keine Treue-App. Wir dr\u00e4ngen nicht auf Zusatzverk\u00e4ufe oder automatisierte Kassen. Wir glauben an Blickkontakt. An Pausen. An die W\u00fcrde eines entspannten Services.<\/p><div class=\"my-2\">\u00a0<\/div><p>Heute begr\u00fc\u00dft Yinxitang j\u00e4hrlich \u00fcber 10.000 G\u00e4ste \u2013 von internationalen Wissenschaftlern, die chinesische Literatur studieren, \u00fcber Rucksacktouristen, die ihren Hotpot-Tr\u00e4umen nachjagen, bis hin zu \u00e4lteren Paaren, die nach Jahrzehnten im Ausland auf der Suche nach Heimat nach Chengdu zur\u00fcckkehren. Viele kommen einmal. Die meisten kehren zur\u00fcck. Manche bleiben monatelang. Einige werden Teil unserer Geschichte.<\/p><div class=\"my-2\">\u00a0<\/div><p>Einmal blieb ein junger Mann aus Norwegen sechs Wochen lang bei uns. Er schrieb Gedichte in unserem Hof. Als er abreiste, schickte er uns per Post ein Buch mit seinen Versen \u2013 gewidmet \u201eder stillen G\u00fcte von Yinxitang\u201c. Es steht jetzt in unserem Regal neben einem Foto eines Pandajungen, das einst neugierig durch unser Tor sp\u00e4hte, angezogen vom Duft der Bambusteebl\u00e4tter.<\/p><div class=\"my-2\">\u00a0<\/div><p>Dies ist unsere Geschichte \u2013 nicht eine Geschichte der Expansion, sondern der Tiefe.<br \/>Es handelt sich nicht um Wachstum, das in R\u00e4umen gemessen wird, sondern in Augenblicken.<\/p><div class=\"my-2\">\u00a0<\/div><p>Wir versuchen nicht, das gr\u00f6\u00dfte Hotel in Chengdu zu sein.<br \/>Wir versuchen, die Besten zu sein <em>erinnerte sich<\/em>.<\/p><div class=\"my-2\">\u00a0<\/div><p data-spm-anchor-id=\"a2ty_o01.29997173.0.i126.3ac7c921O44zAQ\">Denn in einer Welt, die sich jeden Tag schneller dreht,<br \/>Manchmal ist es nicht das, was Reisende suchen, Komfort \u2026<br \/>\u2026 einfach ein Ort, an dem man das Gef\u00fchl hat, sich an sie zu erinnern.<\/p><div class=\"my-2\">\u00a0<\/div><p>\u2014<\/p><div class=\"my-2\">\u00a0<\/div><p data-spm-anchor-id=\"a2ty_o01.29997173.0.i127.3ac7c921O44zAQ\">\ud83d\udccd <strong>Yinxitang Hotel<\/strong><br \/>Nr. 8 Nantai Road, Bezirk Wuhou, Chengdu, Sichuan, 610000, China<br \/><em>Wo die Stadt atmet \u2013 und Sie auch.<\/em><\/p>\t\t\t\t\t\t\t\t<\/div>\n\t\t\t\t\t<\/div>\n\t\t\t\t<\/div>\n\t\t\t\t<section class=\"elementor-section elementor-top-section elementor-element elementor-element-71aacf1b elementor-section-stretched elementor-section-boxed elementor-section-gap-beside-yes elementor-section-height-default elementor-section-height-default elementor-section-column-vertical-align-stretch\" data-id=\"71aacf1b\" data-element_type=\"section\" data-e-type=\"section\" data-settings=\"{&quot;background_background&quot;:&quot;classic&quot;,&quot;stretch_section&quot;:&quot;section-stretched&quot;}\">\n\t\t\t\t\t\t<div class=\"elementor-container elementor-column-gap-extended\">\n\t\t\t\t\t<div class=\"elementor-column elementor-col-100 elementor-top-column elementor-element elementor-element-52f2a0e0\" data-id=\"52f2a0e0\" data-element_type=\"column\" data-e-type=\"column\">\n\t\t\t<div class=\"elementor-widget-wrap elementor-element-populated\">\n\t\t\t\t\t\t<div class=\"elementor-element elementor-element-62b49917 elementor-widget elementor-widget-nuss-heading\" data-id=\"62b49917\" data-element_type=\"widget\" data-e-type=\"widget\" data-widget_type=\"nuss-heading.default\">\n\t\t\t\t<div class=\"elementor-widget-container\">\n\t\t\t\t\t\t\t<div class=\"nuss-modern-heading\">\r\n\t\t\t\t\t\t<div class=\"heading-secondary-wrap\">\r\n\t\t\t\t<h3 class=\"heading-secondary elementor-heading-title\">Verf\u00fcgbarkeit pr\u00fcfen <\/h3>\t\t\t<\/div>\r\n\t\t\r\n\t\t\t\r\n\t\t\t\r\n\t\t\t\t\t<\/div>\r\n\t\t\t\t\t<\/div>\n\t\t\t\t<\/div>\n\t\t\t\t<div class=\"elementor-element elementor-element-b47201b elementor-widget elementor-widget-text-editor\" data-id=\"b47201b\" data-element_type=\"widget\" data-e-type=\"widget\" data-widget_type=\"text-editor.default\">\n\t\t\t\t\t\t\t\t\t<iframe border=\"0\" src=\"https:\/\/www.trip.com\/partners\/ad\/S5409112?Allianceid=4590391&#038;SID=259760691&#038;trip_sub1=\" style=\"width:1200px;height:200px\" frameborder=\"0\" scrolling=\"no\" id=\"S5409112\"><\/iframe>\t\t\t\t\t\t\t\t<\/div>\n\t\t\t\t\t<\/div>\n\t\t<\/div>\n\t\t\t\t\t<\/div>\n\t\t<\/section>\n\t\t\t\t<\/div>","protected":false},"excerpt":{"rendered":"<p>Where Quiet Moments Meet Chengdu\u2019s Soul Nestled at No. 8 Nantai Road, just a whisper away from the vibrant heartbeat of Sichuan University and the rhythmic pulse of Xinnanmen Subway Station, Yinxitang Hotel was never meant to be just another place to sleep. \u00a0 It was born from a simple, quiet question: What if a [&hellip;]<\/p>\n","protected":false},"author":1,"featured_media":0,"parent":0,"menu_order":0,"comment_status":"closed","ping_status":"closed","template":"","meta":{"footnotes":""},"class_list":["post-2104","page","type-page","status-publish","hentry","post-no-thumbnail"],"_links":{"self":[{"href":"https:\/\/yinxitanghotel.com\/de\/wp-json\/wp\/v2\/pages\/2104","targetHints":{"allow":["GET"]}}],"collection":[{"href":"https:\/\/yinxitanghotel.com\/de\/wp-json\/wp\/v2\/pages"}],"about":[{"href":"https:\/\/yinxitanghotel.com\/de\/wp-json\/wp\/v2\/types\/page"}],"author":[{"embeddable":true,"href":"https:\/\/yinxitanghotel.com\/de\/wp-json\/wp\/v2\/users\/1"}],"replies":[{"embeddable":true,"href":"https:\/\/yinxitanghotel.com\/de\/wp-json\/wp\/v2\/comments?post=2104"}],"version-history":[{"count":0,"href":"https:\/\/yinxitanghotel.com\/de\/wp-json\/wp\/v2\/pages\/2104\/revisions"}],"wp:attachment":[{"href":"https:\/\/yinxitanghotel.com\/de\/wp-json\/wp\/v2\/media?parent=2104"}],"curies":[{"name":"wp","href":"https:\/\/api.w.org\/{rel}","templated":true}]}}